{"id":979,"date":"2023-07-20T13:47:16","date_gmt":"2023-07-20T11:47:16","guid":{"rendered":"https:\/\/www.fardem-packaging.nl\/de\/?page_id=979"},"modified":"2024-01-30T16:00:43","modified_gmt":"2024-01-30T15:00:43","slug":"logistiek","status":"publish","type":"page","link":"https:\/\/www.fardem-packaging.nl\/de\/logistiek\/","title":{"rendered":"Logistik"},"content":{"rendered":"\n\n\n    <section class=\"block-split-block block-split-block--preset-content-image\"\n             data-mt=\"none\"             data-mb=\"large\">\n\n        <figure class=\"block-split-block__image-container\">\n\n            <picture class=\"block-split-block__picture\" draggable=\"false\">\n\n                <source media=\"(min-width: 1025px)\"\n                        width=\"1200px\"\n                        height=\"600px\"\n                        srcset=\"https:\/\/www.fardem-packaging.nl\/de\/wp-content\/uploads\/2023\/07\/Magazijn-5-logistiek-Fardem-1200x600.jpg\"\/>\n\n                <source media=\"(min-width: 481px) and (max-width: 1024px)\"\n                        width=\"800px\"\n                        height=\"600px\"\n                        srcset=\"https:\/\/www.fardem-packaging.nl\/de\/wp-content\/uploads\/2023\/07\/Magazijn-5-logistiek-Fardem-800x600.jpg\"\/>\n\n                <source media=\"(min-width: 0px)\"\n                        width=\"400px\"\n                        height=\"300px\"\n                        srcset=\"https:\/\/www.fardem-packaging.nl\/de\/wp-content\/uploads\/2023\/07\/Magazijn-5-logistiek-Fardem-800x600.jpg 2x, https:\/\/www.fardem-packaging.nl\/de\/wp-content\/uploads\/2023\/07\/Magazijn-5-logistiek-Fardem-400x300.jpg\"\/>\n\n                <img decoding=\"async\" class=\"block-split-block__image\"\n                     loading=\"lazy\"\n                     draggable=\"false\"\n                     style=\"object-position: center center\"\n                     src=\"https:\/\/www.fardem-packaging.nl\/de\/wp-content\/uploads\/2023\/07\/Magazijn-5-logistiek-Fardem-1200x600.jpg\"\n                     alt=\"Homepage\"\n                     width=\"1200px\"                     height=\"600px\"\/>\n\n            <\/picture>\n\n        <\/figure>\n\n        <div class=\"block-split-block__container container\">\n            <div class=\"block-split-block__row row\">\n                <div class=\"block-split-block__column col col--1 col--md-7\/12\">\n                    \n<p class=\"hh-block block-paragraph block-paragraph--id-69d0aa72c6881\"data-mb=\"small\">Fardem Packaging verf\u00fcgt \u00fcber eine Logistikabteilung, die sowohl interne als auch externe Transporte organisiert. Damit erreichen wir ein hohes Serviceniveau und k\u00f6nnen Ihnen den bestm\u00f6glichen Service bieten. Ihre bestellten Produkte werden mit gr\u00f6\u00dfter Sorgfalt verpackt und ausgeliefert. Die Lieferzeiten halten wir so kurz wie m\u00f6glich \u2013 und in Absprache mit Ihnen ist alles m\u00f6glich.<\/p>\n\n                <\/div>\n            <\/div>\n        <\/div>\n\n    <\/section>\n\n\n","protected":false},"excerpt":{"rendered":"","protected":false},"author":2,"featured_media":0,"parent":0,"menu_order":19,"comment_status":"closed","ping_status":"closed","template":"","meta":{"_acf_changed":false,"footnotes":""},"class_list":["post-979","page","type-page","status-publish","hentry"],"acf":[],"yoast_head":"<title>Logistik - Fardem Packaging<\/title>\n<meta name=\"description\" content=\"De Logistiek van Fardem Packaging is belangrijk voor de goederenstroom van onze verpakkingen. Ontdek hier meer over de afdeling logistiek.\" \/>\n<meta name=\"robots\" content=\"index, follow, max-snippet:-1, max-image-preview:large, max-video-preview:-1\" \/>\n<link rel=\"canonical\" href=\"https:\/\/www.fardem-packaging.nl\/de\/logistiek\/\" \/>\n<meta property=\"og:locale\" content=\"de_DE\" \/>\n<meta property=\"og:type\" content=\"article\" \/>\n<meta property=\"og:title\" content=\"Logistik - Fardem Packaging\" \/>\n<meta property=\"og:description\" content=\"De Logistiek van Fardem Packaging is belangrijk voor de goederenstroom van onze verpakkingen. Ontdek hier meer over de afdeling logistiek.\" \/>\n<meta property=\"og:url\" content=\"https:\/\/www.fardem-packaging.nl\/de\/logistiek\/\" \/>\n<meta property=\"og:site_name\" content=\"Fardem Packaging\" \/>\n<meta property=\"article:modified_time\" content=\"2024-01-30T15:00:43+00:00\" \/>\n<meta name=\"twitter:card\" content=\"summary_large_image\" \/>\n<meta name=\"twitter:label1\" content=\"Gesch\u00e4tzte Lesezeit\" \/>\n\t<meta name=\"twitter:data1\" content=\"1\u00a0Minute\" \/>\n<script type=\"application\/ld+json\" class=\"yoast-schema-graph\">{\"@context\":\"https:\/\/schema.org\",\"@graph\":[{\"@type\":\"WebPage\",\"@id\":\"https:\/\/www.fardem-packaging.nl\/de\/logistiek\/\",\"url\":\"https:\/\/www.fardem-packaging.nl\/de\/logistiek\/\",\"name\":\"Logistik - Fardem Packaging\",\"isPartOf\":{\"@id\":\"https:\/\/www.fardem-packaging.nl\/de\/#website\"},\"datePublished\":\"2023-07-20T11:47:16+00:00\",\"dateModified\":\"2024-01-30T15:00:43+00:00\",\"description\":\"De Logistiek van Fardem Packaging is belangrijk voor de goederenstroom van onze verpakkingen. Ontdek hier meer over de afdeling logistiek.\",\"breadcrumb\":{\"@id\":\"https:\/\/www.fardem-packaging.nl\/de\/logistiek\/#breadcrumb\"},\"inLanguage\":\"de\",\"potentialAction\":[{\"@type\":\"ReadAction\",\"target\":[\"https:\/\/www.fardem-packaging.nl\/de\/logistiek\/\"]}]},{\"@type\":\"BreadcrumbList\",\"@id\":\"https:\/\/www.fardem-packaging.nl\/de\/logistiek\/#breadcrumb\",\"itemListElement\":[{\"@type\":\"ListItem\",\"position\":1,\"name\":\"Home\",\"item\":\"https:\/\/www.fardem-packaging.nl\/de\/\"},{\"@type\":\"ListItem\",\"position\":2,\"name\":\"Logistik\"}]},{\"@type\":\"WebSite\",\"@id\":\"https:\/\/www.fardem-packaging.nl\/de\/#website\",\"url\":\"https:\/\/www.fardem-packaging.nl\/de\/\",\"name\":\"Fardem Packaging\",\"description\":\"The sustainable innovator\",\"potentialAction\":[{\"@type\":\"SearchAction\",\"target\":{\"@type\":\"EntryPoint\",\"urlTemplate\":\"https:\/\/www.fardem-packaging.nl\/de\/?suchanfrage={search_term_string}\"},\"query-input\":{\"@type\":\"PropertyValueSpecification\",\"valueRequired\":true,\"valueName\":\"search_term_string\"}}],\"inLanguage\":\"de\"}]}<\/script>","yoast_head_json":{"title":"Logistik - Fardem Packaging","description":"De Logistiek van Fardem Packaging is belangrijk voor de goederenstroom van onze verpakkingen. Ontdek hier meer over de afdeling logistiek.","robots":{"index":"index","follow":"follow","max-snippet":"max-snippet:-1","max-image-preview":"max-image-preview:large","max-video-preview":"max-video-preview:-1"},"canonical":"https:\/\/www.fardem-packaging.nl\/de\/logistiek\/","og_locale":"de_DE","og_type":"article","og_title":"Logistik - Fardem Packaging","og_description":"De Logistiek van Fardem Packaging is belangrijk voor de goederenstroom van onze verpakkingen. Ontdek hier meer over de afdeling logistiek.","og_url":"https:\/\/www.fardem-packaging.nl\/de\/logistiek\/","og_site_name":"Fardem Packaging","article_modified_time":"2024-01-30T15:00:43+00:00","twitter_card":"summary_large_image","twitter_misc":{"Gesch\u00e4tzte Lesezeit":"1\u00a0Minute"},"schema":{"@context":"https:\/\/schema.org","@graph":[{"@type":"WebPage","@id":"https:\/\/www.fardem-packaging.nl\/de\/logistiek\/","url":"https:\/\/www.fardem-packaging.nl\/de\/logistiek\/","name":"Logistik - Fardem Packaging","isPartOf":{"@id":"https:\/\/www.fardem-packaging.nl\/de\/#website"},"datePublished":"2023-07-20T11:47:16+00:00","dateModified":"2024-01-30T15:00:43+00:00","description":"De Logistiek van Fardem Packaging is belangrijk voor de goederenstroom van onze verpakkingen. Ontdek hier meer over de afdeling logistiek.","breadcrumb":{"@id":"https:\/\/www.fardem-packaging.nl\/de\/logistiek\/#breadcrumb"},"inLanguage":"de","potentialAction":[{"@type":"ReadAction","target":["https:\/\/www.fardem-packaging.nl\/de\/logistiek\/"]}]},{"@type":"BreadcrumbList","@id":"https:\/\/www.fardem-packaging.nl\/de\/logistiek\/#breadcrumb","itemListElement":[{"@type":"ListItem","position":1,"name":"Home","item":"https:\/\/www.fardem-packaging.nl\/de\/"},{"@type":"ListItem","position":2,"name":"Logistik"}]},{"@type":"WebSite","@id":"https:\/\/www.fardem-packaging.nl\/de\/#website","url":"https:\/\/www.fardem-packaging.nl\/de\/","name":"Fardem Packaging","description":"The sustainable innovator","potentialAction":[{"@type":"SearchAction","target":{"@type":"EntryPoint","urlTemplate":"https:\/\/www.fardem-packaging.nl\/de\/?suchanfrage={search_term_string}"},"query-input":{"@type":"PropertyValueSpecification","valueRequired":true,"valueName":"search_term_string"}}],"inLanguage":"de"}]}},"_links":{"self":[{"href":"https:\/\/www.fardem-packaging.nl\/de\/wp-json\/wp\/v2\/pages\/979","targetHints":{"allow":["GET"]}}],"collection":[{"href":"https:\/\/www.fardem-packaging.nl\/de\/wp-json\/wp\/v2\/pages"}],"about":[{"href":"https:\/\/www.fardem-packaging.nl\/de\/wp-json\/wp\/v2\/types\/page"}],"author":[{"embeddable":true,"href":"https:\/\/www.fardem-packaging.nl\/de\/wp-json\/wp\/v2\/users\/2"}],"replies":[{"embeddable":true,"href":"https:\/\/www.fardem-packaging.nl\/de\/wp-json\/wp\/v2\/comments?post=979"}],"version-history":[{"count":12,"href":"https:\/\/www.fardem-packaging.nl\/de\/wp-json\/wp\/v2\/pages\/979\/revisions"}],"predecessor-version":[{"id":1731,"href":"https:\/\/www.fardem-packaging.nl\/de\/wp-json\/wp\/v2\/pages\/979\/revisions\/1731"}],"wp:attachment":[{"href":"https:\/\/www.fardem-packaging.nl\/de\/wp-json\/wp\/v2\/media?parent=979"}],"curies":[{"name":"wp","href":"https:\/\/api.w.org\/{rel}","templated":true}]}}