{"id":977,"date":"2023-07-20T13:46:46","date_gmt":"2023-07-20T11:46:46","guid":{"rendered":"https:\/\/www.fardem-packaging.nl\/de\/?page_id=977"},"modified":"2024-01-30T15:59:55","modified_gmt":"2024-01-30T14:59:55","slug":"hoogwaardig-drukwerk","status":"publish","type":"page","link":"https:\/\/www.fardem-packaging.nl\/de\/hoogwaardig-drukwerk\/","title":{"rendered":"Hochwertiger Druck"},"content":{"rendered":"\n<div class=\"hh-block block-row\">\n    <div class=\"block-row__row row block-row__row--preset-2\/3|1\/3 block-row__row--align-stretch\">\n                \n\n<div class=\"hh-block block-column col col--1 col--lg-2\/3\">\n    \n<p class=\"hh-block block-paragraph block-paragraph--id-69d0947ecc853\"data-mb=\"small\"><br>Das ist von 1 (PMS-)Druckfarbe bis hin zum Vollfarbdruck, der sich aus CMYK zusammensetzt, m\u00f6glich. Die Ergebnisse, die mit der 8-Farben-Inline-Druckmaschine erzielt werden k\u00f6nnen, sind beeindruckend. Damit ist es m\u00f6glich, Ihre gesamte Produktpalette zu produzieren \u2013 vom Logo mit einer einzigen Druckfarbe bis hin zum Aufdruck in Fotoqualit\u00e4t. Kurzum, Aufdrucke k\u00f6nnen in vielen Varianten realisiert werden. Der Vollfarbdruck kann auf alle\u00a0<a href=\"https:\/\/www.fardem-packaging.nl\/producten\/\">Produktgruppen<\/a>\u00a0angewendet werden.<\/p>\n\n<p class=\"hh-block block-paragraph block-paragraph--id-69d0947ecc909\"data-mb=\"small\"><br><\/p>\n\n\n    <div class=\"hh-block block-image\"\n         data-mt=\"none\"         data-mb=\"small\"         data-horizontal-align=\"centered\"\n         data-vertical-align=\"centered\"\n         data-mobile-align=\"centered\">\n\n         \n        <figure class=\"block-image__inner\" style=\"max-width: 1920px\">\n\n            \n            \n            <div class=\"block-image__image-container\">\n\n            \n                <picture class=\"block-image__picture\" draggable=\"false\">\n  <source media=\"(min-width: 414px)\" srcset=\"https:\/\/www.fardem-packaging.nl\/de\/wp-content\/uploads\/2023\/07\/buisfolie-22-producten-Fardem-scaled.jpg\" width=\"1920\" height=\"1920\" \/>\n  <source media=\"(min-width: 0px)\" srcset=\"https:\/\/www.fardem-packaging.nl\/de\/wp-content\/uploads\/2023\/07\/buisfolie-22-producten-Fardem-360x360.jpg 1x, https:\/\/www.fardem-packaging.nl\/de\/wp-content\/uploads\/2023\/07\/buisfolie-22-producten-Fardem-720x720.jpg 2x\" width=\"360\" height=\"360\" \/>\n  <img class=\"block-image__image\" draggable=\"false\" decoding=\"async\" loading=\"lazy\" src=\"https:\/\/www.fardem-packaging.nl\/de\/wp-content\/uploads\/2023\/07\/buisfolie-22-producten-Fardem-scaled.jpg\" alt=\"Homepage\" width=\"1920\" height=\"1920\" \/>\n<\/picture>\n                                    <div\n                        class=\"block-image__holder block-image__holder--desktop\"\n                        style=\"aspect-ratio: 1920\/1920; max-width: 1920px\">\n                    <\/div>\n                \n                                    <div\n                        class=\"block-image__holder block-image__holder--mobile\"\n                        style=\"aspect-ratio: 360\/360; max-width: 360px\">\n                    <\/div>\n                \n                                \n            <\/div>\n\n                        \n\n            \n            \n            \n            \n        <\/figure>\n\n        \n    <\/div>\n\n\n<\/div>\n\n\n<div class=\"hh-block block-column col col--1 col--lg-1\/3\">\n    \n\n    <div class=\"hh-block block-image\"\n         data-mt=\"none\"         data-mb=\"small\"         data-horizontal-align=\"centered\"\n         data-vertical-align=\"centered\"\n         data-mobile-align=\"centered\">\n\n         \n        <figure class=\"block-image__inner\" style=\"max-width: 1920px\">\n\n            \n            \n            <div class=\"block-image__image-container\">\n\n            \n                <picture class=\"block-image__picture\" draggable=\"false\">\n  <source media=\"(min-width: 414px)\" srcset=\"https:\/\/www.fardem-packaging.nl\/de\/wp-content\/uploads\/2023\/07\/buisfolie-16-producten-Fardem-scaled.jpg\" width=\"1920\" height=\"1920\" \/>\n  <source media=\"(min-width: 0px)\" srcset=\"https:\/\/www.fardem-packaging.nl\/de\/wp-content\/uploads\/2023\/07\/buisfolie-16-producten-Fardem-360x360.jpg 1x, https:\/\/www.fardem-packaging.nl\/de\/wp-content\/uploads\/2023\/07\/buisfolie-16-producten-Fardem-720x720.jpg 2x\" width=\"360\" height=\"360\" \/>\n  <img class=\"block-image__image\" draggable=\"false\" decoding=\"async\" loading=\"lazy\" src=\"https:\/\/www.fardem-packaging.nl\/de\/wp-content\/uploads\/2023\/07\/buisfolie-16-producten-Fardem-scaled.jpg\" alt=\"Homepage\" width=\"1920\" height=\"1920\" \/>\n<\/picture>\n                                    <div\n                        class=\"block-image__holder block-image__holder--desktop\"\n                        style=\"aspect-ratio: 1920\/1920; max-width: 1920px\">\n                    <\/div>\n                \n                                    <div\n                        class=\"block-image__holder block-image__holder--mobile\"\n                        style=\"aspect-ratio: 360\/360; max-width: 360px\">\n                    <\/div>\n                \n                                \n            <\/div>\n\n                        \n\n            \n            \n            \n            \n        <\/figure>\n\n        \n    <\/div>\n\n\n<\/div>\n            <\/div>\n<\/div>\n","protected":false},"excerpt":{"rendered":"","protected":false},"author":2,"featured_media":0,"parent":0,"menu_order":17,"comment_status":"closed","ping_status":"closed","template":"","meta":{"_acf_changed":false,"footnotes":""},"class_list":["post-977","page","type-page","status-publish","hentry"],"acf":[],"yoast_head":"<title>Hochwertiger Druck - Fardem Packaging<\/title>\n<meta name=\"description\" content=\"In de drukkerij van Fardem Packaging wordt hoogwaardig drukwerk geleverd. Bekijk hoe ons drukwerk voor onze heavyduty verpakkingen zorgt.\" \/>\n<meta name=\"robots\" content=\"index, follow, max-snippet:-1, max-image-preview:large, max-video-preview:-1\" \/>\n<link rel=\"canonical\" href=\"https:\/\/www.fardem-packaging.nl\/de\/hoogwaardig-drukwerk\/\" \/>\n<meta property=\"og:locale\" content=\"de_DE\" \/>\n<meta property=\"og:type\" content=\"article\" \/>\n<meta property=\"og:title\" content=\"Hochwertiger Druck - Fardem Packaging\" \/>\n<meta property=\"og:description\" content=\"In de drukkerij van Fardem Packaging wordt hoogwaardig drukwerk geleverd. Bekijk hoe ons drukwerk voor onze heavyduty verpakkingen zorgt.\" \/>\n<meta property=\"og:url\" content=\"https:\/\/www.fardem-packaging.nl\/de\/hoogwaardig-drukwerk\/\" \/>\n<meta property=\"og:site_name\" content=\"Fardem Packaging\" \/>\n<meta property=\"article:modified_time\" content=\"2024-01-30T14:59:55+00:00\" \/>\n<meta name=\"twitter:card\" content=\"summary_large_image\" \/>\n<meta name=\"twitter:label1\" content=\"Gesch\u00e4tzte Lesezeit\" \/>\n\t<meta name=\"twitter:data1\" content=\"1\u00a0Minute\" \/>\n<script type=\"application\/ld+json\" class=\"yoast-schema-graph\">{\"@context\":\"https:\/\/schema.org\",\"@graph\":[{\"@type\":\"WebPage\",\"@id\":\"https:\/\/www.fardem-packaging.nl\/de\/hoogwaardig-drukwerk\/\",\"url\":\"https:\/\/www.fardem-packaging.nl\/de\/hoogwaardig-drukwerk\/\",\"name\":\"Hochwertiger Druck - Fardem Packaging\",\"isPartOf\":{\"@id\":\"https:\/\/www.fardem-packaging.nl\/de\/#website\"},\"datePublished\":\"2023-07-20T11:46:46+00:00\",\"dateModified\":\"2024-01-30T14:59:55+00:00\",\"description\":\"In de drukkerij van Fardem Packaging wordt hoogwaardig drukwerk geleverd. Bekijk hoe ons drukwerk voor onze heavyduty verpakkingen zorgt.\",\"breadcrumb\":{\"@id\":\"https:\/\/www.fardem-packaging.nl\/de\/hoogwaardig-drukwerk\/#breadcrumb\"},\"inLanguage\":\"de\",\"potentialAction\":[{\"@type\":\"ReadAction\",\"target\":[\"https:\/\/www.fardem-packaging.nl\/de\/hoogwaardig-drukwerk\/\"]}]},{\"@type\":\"BreadcrumbList\",\"@id\":\"https:\/\/www.fardem-packaging.nl\/de\/hoogwaardig-drukwerk\/#breadcrumb\",\"itemListElement\":[{\"@type\":\"ListItem\",\"position\":1,\"name\":\"Home\",\"item\":\"https:\/\/www.fardem-packaging.nl\/de\/\"},{\"@type\":\"ListItem\",\"position\":2,\"name\":\"Hochwertiger Druck\"}]},{\"@type\":\"WebSite\",\"@id\":\"https:\/\/www.fardem-packaging.nl\/de\/#website\",\"url\":\"https:\/\/www.fardem-packaging.nl\/de\/\",\"name\":\"Fardem Packaging\",\"description\":\"The sustainable innovator\",\"potentialAction\":[{\"@type\":\"SearchAction\",\"target\":{\"@type\":\"EntryPoint\",\"urlTemplate\":\"https:\/\/www.fardem-packaging.nl\/de\/?suchanfrage={search_term_string}\"},\"query-input\":{\"@type\":\"PropertyValueSpecification\",\"valueRequired\":true,\"valueName\":\"search_term_string\"}}],\"inLanguage\":\"de\"}]}<\/script>","yoast_head_json":{"title":"Hochwertiger Druck - Fardem Packaging","description":"In de drukkerij van Fardem Packaging wordt hoogwaardig drukwerk geleverd. Bekijk hoe ons drukwerk voor onze heavyduty verpakkingen zorgt.","robots":{"index":"index","follow":"follow","max-snippet":"max-snippet:-1","max-image-preview":"max-image-preview:large","max-video-preview":"max-video-preview:-1"},"canonical":"https:\/\/www.fardem-packaging.nl\/de\/hoogwaardig-drukwerk\/","og_locale":"de_DE","og_type":"article","og_title":"Hochwertiger Druck - Fardem Packaging","og_description":"In de drukkerij van Fardem Packaging wordt hoogwaardig drukwerk geleverd. Bekijk hoe ons drukwerk voor onze heavyduty verpakkingen zorgt.","og_url":"https:\/\/www.fardem-packaging.nl\/de\/hoogwaardig-drukwerk\/","og_site_name":"Fardem Packaging","article_modified_time":"2024-01-30T14:59:55+00:00","twitter_card":"summary_large_image","twitter_misc":{"Gesch\u00e4tzte Lesezeit":"1\u00a0Minute"},"schema":{"@context":"https:\/\/schema.org","@graph":[{"@type":"WebPage","@id":"https:\/\/www.fardem-packaging.nl\/de\/hoogwaardig-drukwerk\/","url":"https:\/\/www.fardem-packaging.nl\/de\/hoogwaardig-drukwerk\/","name":"Hochwertiger Druck - Fardem Packaging","isPartOf":{"@id":"https:\/\/www.fardem-packaging.nl\/de\/#website"},"datePublished":"2023-07-20T11:46:46+00:00","dateModified":"2024-01-30T14:59:55+00:00","description":"In de drukkerij van Fardem Packaging wordt hoogwaardig drukwerk geleverd. Bekijk hoe ons drukwerk voor onze heavyduty verpakkingen zorgt.","breadcrumb":{"@id":"https:\/\/www.fardem-packaging.nl\/de\/hoogwaardig-drukwerk\/#breadcrumb"},"inLanguage":"de","potentialAction":[{"@type":"ReadAction","target":["https:\/\/www.fardem-packaging.nl\/de\/hoogwaardig-drukwerk\/"]}]},{"@type":"BreadcrumbList","@id":"https:\/\/www.fardem-packaging.nl\/de\/hoogwaardig-drukwerk\/#breadcrumb","itemListElement":[{"@type":"ListItem","position":1,"name":"Home","item":"https:\/\/www.fardem-packaging.nl\/de\/"},{"@type":"ListItem","position":2,"name":"Hochwertiger Druck"}]},{"@type":"WebSite","@id":"https:\/\/www.fardem-packaging.nl\/de\/#website","url":"https:\/\/www.fardem-packaging.nl\/de\/","name":"Fardem Packaging","description":"The sustainable innovator","potentialAction":[{"@type":"SearchAction","target":{"@type":"EntryPoint","urlTemplate":"https:\/\/www.fardem-packaging.nl\/de\/?suchanfrage={search_term_string}"},"query-input":{"@type":"PropertyValueSpecification","valueRequired":true,"valueName":"search_term_string"}}],"inLanguage":"de"}]}},"_links":{"self":[{"href":"https:\/\/www.fardem-packaging.nl\/de\/wp-json\/wp\/v2\/pages\/977","targetHints":{"allow":["GET"]}}],"collection":[{"href":"https:\/\/www.fardem-packaging.nl\/de\/wp-json\/wp\/v2\/pages"}],"about":[{"href":"https:\/\/www.fardem-packaging.nl\/de\/wp-json\/wp\/v2\/types\/page"}],"author":[{"embeddable":true,"href":"https:\/\/www.fardem-packaging.nl\/de\/wp-json\/wp\/v2\/users\/2"}],"replies":[{"embeddable":true,"href":"https:\/\/www.fardem-packaging.nl\/de\/wp-json\/wp\/v2\/comments?post=977"}],"version-history":[{"count":10,"href":"https:\/\/www.fardem-packaging.nl\/de\/wp-json\/wp\/v2\/pages\/977\/revisions"}],"predecessor-version":[{"id":1729,"href":"https:\/\/www.fardem-packaging.nl\/de\/wp-json\/wp\/v2\/pages\/977\/revisions\/1729"}],"wp:attachment":[{"href":"https:\/\/www.fardem-packaging.nl\/de\/wp-json\/wp\/v2\/media?parent=977"}],"curies":[{"name":"wp","href":"https:\/\/api.w.org\/{rel}","templated":true}]}}