{"id":962,"date":"2023-07-20T13:27:57","date_gmt":"2023-07-20T11:27:57","guid":{"rendered":"https:\/\/www.fardem-packaging.nl\/de\/?page_id=962"},"modified":"2024-01-30T16:28:04","modified_gmt":"2024-01-30T15:28:04","slug":"visie-en-missie","status":"publish","type":"page","link":"https:\/\/www.fardem-packaging.nl\/de\/visie-en-missie\/","title":{"rendered":"Vision\/Mission"},"content":{"rendered":"<p class=\"hh-block block-paragraph block-paragraph--id-6a022225f3dfa\"data-mb=\"small\"><strong>Gesch\u00e4ftsdefinition<\/strong><br>Fardem Packaging BV produziert und liefert ein komplettes Sortiment an spezialisierten, flexiblen\u00a0 ein- und mehrschichtigen Kunststofffolien und -Verpackungen. Zu den globalen M\u00e4rkten geh\u00f6ren Business-to-Business-M\u00e4rkte f\u00fcr Lebensmittel, Non-Food, Verpackungsindustrie, Gro\u00dfhandel, Einzelhandel und Gartenbau. Unsere Technologie ist die Produktion und der Handel mit flexiblen Kunststofffolien und -verpackungen.<\/p>\n\n<p class=\"hh-block block-paragraph block-paragraph--id-6a022225f3ef5\"data-mb=\"small\"><strong>Unternehmensleitbild<\/strong><br>Fardem Packaging, \u201eThe sustainable innovator\u201d, hat sich zum Ziel gesetzt, seine Stakeholder nachhaltig, innovativ und erfolgreich zu machen.<\/p>\n\n<p class=\"hh-block block-paragraph block-paragraph--id-6a022225f3f8b\"data-mb=\"small\"><strong>Fardem Packaging<\/strong><br>Fardem Packaging ist ein zuverl\u00e4ssiger Produzent und Partner f\u00fcr <a href=\"https:\/\/www.oerlemanspackaging.nl\/over-ons\/kwaliteitsnormen\/\">hochwertige<\/a> Spezialverpackungen aus Kunststoff sowie Folien, der seine Produkte auf der Basis von Kontinuit\u00e4t und langfristigen Partnerschaften anbietet, um seine Stakeholder nachhaltig, innovativ und erfolgreich zu machen. Innerhalb der OPACKGROUP entwickelt der Hersteller Fardem Packaging gemeinsam mit allen beteiligten Partnern in einer einzigartigen Kette verschiedene hochwertige Verpackungsl\u00f6sungen.<br><br><a href=\"https:\/\/www.oerlemanspackaging.nl\/over-ons\/mvo\/\">Corporate Social Responsibility<\/a> ist f\u00fcr das Unternehmen bereits seit Jahrzehnten das Leitmotiv seines unternehmerischen Handelns. Mehr als jeder andere sind wir uns unserer sozialen Verantwortung als Unternehmen und Wissenspartner bewusst. Nachhaltiges Produzieren hat daher oberste Priorit\u00e4t.<br><br>Unsere Nachhaltigkeitsvision und unsere Innovationen definieren unsere Identit\u00e4t, die wir mit Stolz in unserem Slogan zum Ausdruck bringen: \u201eThe sustainable innovator\u201d.<\/p>\n\n<p class=\"hh-block block-paragraph block-paragraph--id-6a022225f405d\"data-mb=\"small\"><strong>Innovationen<\/strong><br>IInnovation ist der rote Faden, der sich durch die Geschichte der Verpackungsindustrie zieht. Wenn man die Verpackungen von heute mit denen von vor zehn Jahren vergleicht, hat sich eine ganze Menge ver\u00e4ndert. Diese Entwicklungen stellen uns vor neue Herausforderungen, bringen aber auch neue Chancen mit sich. Wir verfolgen die Markttrends und unterst\u00fctzen Sie gerne dabei, mit der Verpackung Ihres Produkt einen nachhaltigen Wettbewerbsvorteil zu erzielen. Wir investieren kontinuierlich in Produktinnovationen,\u00a0<a href=\"https:\/\/www.fardem-packaging.nl\/over-ons\/productie\/\">Produktion<\/a>\u00a0und Prozesse. Deshalb orientieren wir uns als Unternehmen stark an Ihren Entwicklungen. Dabei verlieren wir die\u00a0<a href=\"https:\/\/www.fardem-packaging.nl\/over-ons\/mvo\/\">Corporate Social Responsibility<\/a>\u00a0nicht aus den Augen. Innovativ, kreativ und proaktiv: Das ist Fardem Packaging.<br><br>Durch die Entwicklung neuer Rezepturen wird die Folienst\u00e4rke kontinuierlich weiter reduziert, wobei die mechanischen Eigenschaften erhalten bleiben. Alle Produkte sind ma\u00dfgeschneidert: Gemeinsam mit Ihnen suchen wir immer nach neuen Herausforderungen, um Ihre Produktion effizienter zu gestalten und Ihnen einen Wettbewerbsvorteil zu verschaffen.<br><br>Durch den Einsatz modernster\u00a0<a href=\"https:\/\/www.fardem-packaging.nl\/over-ons\/productie\/extrusie\/\">Extruder<\/a>\u00a0und die Verwendung von Kunststoffen der dritten Generation konnten in den letzten Jahren unglaubliche Reduzierungen in puncto St\u00e4rke erreicht werden. Diese\u00a0<a href=\"https:\/\/www.fardem-packaging.nl\/producten\/ffs-buisfolie\/\">FFS-Schl\u00e4uche<\/a>\u00a0und\u00a0<a href=\"https:\/\/www.fardem-packaging.nl\/product\/ffs-folie\/\">-Beutel<\/a>\u00a0werden mit hohen Geschwindigkeiten auf den modernsten Verpackungsstra\u00dfen verarbeitet.<\/p>","protected":false},"excerpt":{"rendered":"","protected":false},"author":2,"featured_media":0,"parent":0,"menu_order":24,"comment_status":"closed","ping_status":"closed","template":"","meta":{"_acf_changed":false,"footnotes":""},"class_list":["post-962","page","type-page","status-publish","hentry"],"acf":[],"yoast_head":"<title>Vision\/Mission - Fardem Packaging<\/title>\n<meta name=\"description\" content=\"Ontdek hier de normen en waarden van Fardem Packaging. Lees meer over de missie en visie van OPACKGROUP en leer zo het bedrijf kennen.\" \/>\n<meta name=\"robots\" content=\"index, follow, max-snippet:-1, max-image-preview:large, max-video-preview:-1\" \/>\n<link rel=\"canonical\" href=\"https:\/\/www.fardem-packaging.nl\/de\/visie-en-missie\/\" \/>\n<meta property=\"og:locale\" content=\"de_DE\" \/>\n<meta property=\"og:type\" content=\"article\" \/>\n<meta property=\"og:title\" content=\"Vision\/Mission - Fardem Packaging\" \/>\n<meta property=\"og:description\" content=\"Ontdek hier de normen en waarden van Fardem Packaging. Lees meer over de missie en visie van OPACKGROUP en leer zo het bedrijf kennen.\" \/>\n<meta property=\"og:url\" content=\"https:\/\/www.fardem-packaging.nl\/de\/visie-en-missie\/\" \/>\n<meta property=\"og:site_name\" content=\"Fardem Packaging\" \/>\n<meta property=\"article:modified_time\" content=\"2024-01-30T15:28:04+00:00\" \/>\n<meta name=\"twitter:card\" content=\"summary_large_image\" \/>\n<meta name=\"twitter:label1\" content=\"Gesch\u00e4tzte Lesezeit\" \/>\n\t<meta name=\"twitter:data1\" content=\"3\u00a0Minuten\" \/>\n<script type=\"application\/ld+json\" class=\"yoast-schema-graph\">{\"@context\":\"https:\/\/schema.org\",\"@graph\":[{\"@type\":\"WebPage\",\"@id\":\"https:\/\/www.fardem-packaging.nl\/de\/visie-en-missie\/\",\"url\":\"https:\/\/www.fardem-packaging.nl\/de\/visie-en-missie\/\",\"name\":\"Vision\/Mission - Fardem Packaging\",\"isPartOf\":{\"@id\":\"https:\/\/www.fardem-packaging.nl\/de\/#website\"},\"datePublished\":\"2023-07-20T11:27:57+00:00\",\"dateModified\":\"2024-01-30T15:28:04+00:00\",\"description\":\"Ontdek hier de normen en waarden van Fardem Packaging. Lees meer over de missie en visie van OPACKGROUP en leer zo het bedrijf kennen.\",\"breadcrumb\":{\"@id\":\"https:\/\/www.fardem-packaging.nl\/de\/visie-en-missie\/#breadcrumb\"},\"inLanguage\":\"de\",\"potentialAction\":[{\"@type\":\"ReadAction\",\"target\":[\"https:\/\/www.fardem-packaging.nl\/de\/visie-en-missie\/\"]}]},{\"@type\":\"BreadcrumbList\",\"@id\":\"https:\/\/www.fardem-packaging.nl\/de\/visie-en-missie\/#breadcrumb\",\"itemListElement\":[{\"@type\":\"ListItem\",\"position\":1,\"name\":\"Home\",\"item\":\"https:\/\/www.fardem-packaging.nl\/de\/\"},{\"@type\":\"ListItem\",\"position\":2,\"name\":\"Vision\/Mission\"}]},{\"@type\":\"WebSite\",\"@id\":\"https:\/\/www.fardem-packaging.nl\/de\/#website\",\"url\":\"https:\/\/www.fardem-packaging.nl\/de\/\",\"name\":\"Fardem Packaging\",\"description\":\"The sustainable innovator\",\"potentialAction\":[{\"@type\":\"SearchAction\",\"target\":{\"@type\":\"EntryPoint\",\"urlTemplate\":\"https:\/\/www.fardem-packaging.nl\/de\/?suchanfrage={search_term_string}\"},\"query-input\":{\"@type\":\"PropertyValueSpecification\",\"valueRequired\":true,\"valueName\":\"search_term_string\"}}],\"inLanguage\":\"de\"}]}<\/script>","yoast_head_json":{"title":"Vision\/Mission - Fardem Packaging","description":"Ontdek hier de normen en waarden van Fardem Packaging. Lees meer over de missie en visie van OPACKGROUP en leer zo het bedrijf kennen.","robots":{"index":"index","follow":"follow","max-snippet":"max-snippet:-1","max-image-preview":"max-image-preview:large","max-video-preview":"max-video-preview:-1"},"canonical":"https:\/\/www.fardem-packaging.nl\/de\/visie-en-missie\/","og_locale":"de_DE","og_type":"article","og_title":"Vision\/Mission - Fardem Packaging","og_description":"Ontdek hier de normen en waarden van Fardem Packaging. Lees meer over de missie en visie van OPACKGROUP en leer zo het bedrijf kennen.","og_url":"https:\/\/www.fardem-packaging.nl\/de\/visie-en-missie\/","og_site_name":"Fardem Packaging","article_modified_time":"2024-01-30T15:28:04+00:00","twitter_card":"summary_large_image","twitter_misc":{"Gesch\u00e4tzte Lesezeit":"3\u00a0Minuten"},"schema":{"@context":"https:\/\/schema.org","@graph":[{"@type":"WebPage","@id":"https:\/\/www.fardem-packaging.nl\/de\/visie-en-missie\/","url":"https:\/\/www.fardem-packaging.nl\/de\/visie-en-missie\/","name":"Vision\/Mission - Fardem Packaging","isPartOf":{"@id":"https:\/\/www.fardem-packaging.nl\/de\/#website"},"datePublished":"2023-07-20T11:27:57+00:00","dateModified":"2024-01-30T15:28:04+00:00","description":"Ontdek hier de normen en waarden van Fardem Packaging. Lees meer over de missie en visie van OPACKGROUP en leer zo het bedrijf kennen.","breadcrumb":{"@id":"https:\/\/www.fardem-packaging.nl\/de\/visie-en-missie\/#breadcrumb"},"inLanguage":"de","potentialAction":[{"@type":"ReadAction","target":["https:\/\/www.fardem-packaging.nl\/de\/visie-en-missie\/"]}]},{"@type":"BreadcrumbList","@id":"https:\/\/www.fardem-packaging.nl\/de\/visie-en-missie\/#breadcrumb","itemListElement":[{"@type":"ListItem","position":1,"name":"Home","item":"https:\/\/www.fardem-packaging.nl\/de\/"},{"@type":"ListItem","position":2,"name":"Vision\/Mission"}]},{"@type":"WebSite","@id":"https:\/\/www.fardem-packaging.nl\/de\/#website","url":"https:\/\/www.fardem-packaging.nl\/de\/","name":"Fardem Packaging","description":"The sustainable innovator","potentialAction":[{"@type":"SearchAction","target":{"@type":"EntryPoint","urlTemplate":"https:\/\/www.fardem-packaging.nl\/de\/?suchanfrage={search_term_string}"},"query-input":{"@type":"PropertyValueSpecification","valueRequired":true,"valueName":"search_term_string"}}],"inLanguage":"de"}]}},"_links":{"self":[{"href":"https:\/\/www.fardem-packaging.nl\/de\/wp-json\/wp\/v2\/pages\/962","targetHints":{"allow":["GET"]}}],"collection":[{"href":"https:\/\/www.fardem-packaging.nl\/de\/wp-json\/wp\/v2\/pages"}],"about":[{"href":"https:\/\/www.fardem-packaging.nl\/de\/wp-json\/wp\/v2\/types\/page"}],"author":[{"embeddable":true,"href":"https:\/\/www.fardem-packaging.nl\/de\/wp-json\/wp\/v2\/users\/2"}],"replies":[{"embeddable":true,"href":"https:\/\/www.fardem-packaging.nl\/de\/wp-json\/wp\/v2\/comments?post=962"}],"version-history":[{"count":13,"href":"https:\/\/www.fardem-packaging.nl\/de\/wp-json\/wp\/v2\/pages\/962\/revisions"}],"predecessor-version":[{"id":1743,"href":"https:\/\/www.fardem-packaging.nl\/de\/wp-json\/wp\/v2\/pages\/962\/revisions\/1743"}],"wp:attachment":[{"href":"https:\/\/www.fardem-packaging.nl\/de\/wp-json\/wp\/v2\/media?parent=962"}],"curies":[{"name":"wp","href":"https:\/\/api.w.org\/{rel}","templated":true}]}}