{"id":958,"date":"2023-07-20T13:25:28","date_gmt":"2023-07-20T11:25:28","guid":{"rendered":"https:\/\/www.fardem-packaging.nl\/de\/?page_id=958"},"modified":"2024-05-02T16:05:32","modified_gmt":"2024-05-02T14:05:32","slug":"productie","status":"publish","type":"page","link":"https:\/\/www.fardem-packaging.nl\/de\/productie\/","title":{"rendered":"Produktion"},"content":{"rendered":"<h5 class=\"hh-block block-heading block-heading--id-69f506461c0e9 block-heading--align-center h5\"data-mt=\"medium\" data-mb=\"smaller\" id=\"hh-heading-fa4c5145-8125-4bef-beaf-2c122aae3dac\"\">Extrusion<\/h5>\n\n\n<div class=\"hh-block block-row\"data-mb=\"regular\">\n    <div class=\"block-row__row row block-row__row--preset-1\/3|2\/3 block-row__row--align-stretch\">\n                \n\n<div class=\"hh-block block-column col col--1 col--lg-1\/3\">\n    \n\n    <div class=\"hh-block block-image\"\n         data-mt=\"none\"         data-mb=\"small\"         data-horizontal-align=\"centered\"\n         data-vertical-align=\"centered\"\n         data-mobile-align=\"centered\">\n\n         \n        <figure class=\"block-image__inner\" style=\"max-width: 1920px\">\n\n            \n            \n            <div class=\"block-image__image-container\">\n\n            \n                <picture class=\"block-image__picture\" draggable=\"false\">\n  <source media=\"(min-width: 414px)\" srcset=\"https:\/\/www.fardem-packaging.nl\/de\/wp-content\/uploads\/2023\/07\/Ballonnen-extruder-12-productie-Fardem-scaled.jpg\" width=\"1920\" height=\"1280\" \/>\n  <source media=\"(min-width: 0px)\" srcset=\"https:\/\/www.fardem-packaging.nl\/de\/wp-content\/uploads\/2023\/07\/Ballonnen-extruder-12-productie-Fardem-360x240.jpg 1x, https:\/\/www.fardem-packaging.nl\/de\/wp-content\/uploads\/2023\/07\/Ballonnen-extruder-12-productie-Fardem-720x480.jpg 2x\" width=\"360\" height=\"240\" \/>\n  <img class=\"block-image__image\" draggable=\"false\" decoding=\"async\" loading=\"lazy\" src=\"https:\/\/www.fardem-packaging.nl\/de\/wp-content\/uploads\/2023\/07\/Ballonnen-extruder-12-productie-Fardem-scaled.jpg\" alt=\"Plasthill\" width=\"1920\" height=\"1280\" \/>\n<\/picture>\n                                    <div\n                        class=\"block-image__holder block-image__holder--desktop\"\n                        style=\"aspect-ratio: 1920\/1280; max-width: 1920px\">\n                    <\/div>\n                \n                                    <div\n                        class=\"block-image__holder block-image__holder--mobile\"\n                        style=\"aspect-ratio: 360\/240; max-width: 360px\">\n                    <\/div>\n                \n                                \n            <\/div>\n\n                        \n\n            \n            \n            \n            \n        <\/figure>\n\n        \n    <\/div>\n\n\n<\/div>\n\n\n<div class=\"hh-block block-column col col--1 col--lg-2\/3\">\n    \n<p class=\"hh-block block-paragraph block-paragraph--id-69f506461e4b6\"data-mb=\"small\">Bei Fardem Packaging stellen wir mit Leidenschaft flexible Folienverpackungen her. Das Blasen der Folie erfolgt in der Extrusionsabteilung. Dabei werden Polyethylenk\u00f6rner \u00fcber einen Trichter in einen Zylinder gef\u00fcllt und erhitzt. Im Zylinder wird die geschmolzene Masse \u00fcber eine sich drehende Schraube durch eine \u00d6ffnung gepresst. Anschlie\u00dfend wird die Folie wie ein Ballon nach oben geblasen. Nach dem Abk\u00fchlen wird die Folie geschnitten und zu einer doppelten Schicht gewalzt.<\/p>\n\n<p class=\"hh-block block-paragraph block-paragraph--id-69f506461e532\"data-mb=\"small\">M\u00f6chten Sie mehr \u00fcber die Extrusionsprodukte von Fardem Packaging erfahren? Dann lesen Sie hier weiter!<\/p>\n\n\n\n    <div class=\"hh-block block-button block-button--align-left\"\n         data-mt=\"none\"         data-mb=\"small\">\n\n        \n            \n            <a href=\"https:\/\/www.fardem-packaging.nl\/de\/productie-extrusie\/\" target=\"_self\" class=\"hh-button hh-button--bc hh-button--style-text hh-button--size-large hh-button--color-primary hh-button--icon-arrow-right hh-button--icon-position-right block-button__button\"><span class=\"hh-button__text block-button__button-text\">Extrusion<\/span><figure class=\"hh-button__icon-container block-button__button-icon-container\"><svg class=\"hh-button__icon block-button__button-icon\" aria-hidden=\"true\"><use xlink:href=\"https:\/\/www.fardem-packaging.nl\/de\/wp-content\/themes\/happyhorizon\/dist\/happyhorizon-icons-a48c7885c34f533ae7d82ab6f4d7de38.svg#icon-arrow-right\"\/><\/svg><\/figure><\/a>\n        \n    <\/div>\n\n\n\n<\/div>\n            <\/div>\n<\/div>\n\n\n<h5 class=\"hh-block block-heading block-heading--id-69f506461f223 block-heading--align-center h5\"data-mb=\"smaller\" id=\"hh-heading-8f99abf5-7bff-40d8-ae2d-578220e76f3c\"\">Konfektion<\/h5>\n\n\n<div class=\"hh-block block-row\"data-mb=\"regular\">\n    <div class=\"block-row__row row block-row__row--preset-2\/3|1\/3 block-row__row--align-stretch\">\n                \n\n<div class=\"hh-block block-column col col--1 col--lg-2\/3\">\n    \n<p class=\"hh-block block-paragraph block-paragraph--id-69f506461f345 block-paragraph--align-right\"data-mb=\"small\">In der Konfektionsabteilung werden die Rollen&nbsp;<a href=\"https:\/\/www.fardem-packaging.nl\/product\/buisfolie\/\">mit Schlauchfolie<\/a>&nbsp;sorgf\u00e4ltig weiterverarbeitet \u2013 zu&nbsp;<a href=\"https:\/\/www.fardem-packaging.nl\/product\/openmondzakken\/\">Offens\u00e4cken<\/a>,&nbsp;<a href=\"https:\/\/www.fardem-packaging.nl\/product\/ventielzakken\/\">Ventils\u00e4cken<\/a>,&nbsp;<a href=\"https:\/\/www.fardem-packaging.nl\/product\/openmondzakken\/\">Offens\u00e4cken<\/a>&nbsp;mit geklebtem Boden oder&nbsp;<a href=\"https:\/\/www.fardem-packaging.nl\/product\/optiblock-blokzakken\/\">Optiblocks\u00e4cken<\/a>. Die verschiedenen Produkte werden nach Kundenwunsch produziert und verpackt.<\/p>\n\n<p class=\"hh-block block-paragraph block-paragraph--id-69f506461f43b block-paragraph--align-right\"data-mb=\"small\">M\u00f6chten Sie mehr \u00fcber die Konfektion von Fardem Packaging erfahren? Dann lesen Sie hier weiter!<\/p>\n\n\n\n    <div class=\"hh-block block-button block-button--align-right\"\n         data-mt=\"none\"         data-mb=\"small\">\n\n        \n            \n            <a href=\"https:\/\/www.fardem-packaging.nl\/de\/confectie\/\" target=\"_self\" class=\"hh-button hh-button--bc hh-button--style-text hh-button--size-large hh-button--color-primary hh-button--icon-arrow-right hh-button--icon-position-right block-button__button\"><span class=\"hh-button__text block-button__button-text\">Konfektion<\/span><figure class=\"hh-button__icon-container block-button__button-icon-container\"><svg class=\"hh-button__icon block-button__button-icon\" aria-hidden=\"true\"><use xlink:href=\"https:\/\/www.fardem-packaging.nl\/de\/wp-content\/themes\/happyhorizon\/dist\/happyhorizon-icons-a48c7885c34f533ae7d82ab6f4d7de38.svg#icon-arrow-right\"\/><\/svg><\/figure><\/a>\n        \n    <\/div>\n\n\n\n<\/div>\n\n\n<div class=\"hh-block block-column col col--1 col--lg-1\/3\">\n    \n\n    <div class=\"hh-block block-image\"\n         data-mt=\"none\"         data-mb=\"small\"         data-horizontal-align=\"centered\"\n         data-vertical-align=\"centered\"\n         data-mobile-align=\"centered\">\n\n         \n        <figure class=\"block-image__inner\" style=\"max-width: 1483px\">\n\n            \n            \n            <div class=\"block-image__image-container\">\n\n            \n                <picture class=\"block-image__picture\" draggable=\"false\">\n  <source media=\"(min-width: 414px)\" srcset=\"https:\/\/www.fardem-packaging.nl\/de\/wp-content\/uploads\/2023\/12\/Fardem_Confectie_0281_222218-scaled-e1726639570922.jpg\" width=\"1483\" height=\"888\" \/>\n  <source media=\"(min-width: 0px)\" srcset=\"https:\/\/www.fardem-packaging.nl\/de\/wp-content\/uploads\/2023\/12\/Fardem_Confectie_0281_222218-scaled-e1726639570922-360x216.jpg 1x, https:\/\/www.fardem-packaging.nl\/de\/wp-content\/uploads\/2023\/12\/Fardem_Confectie_0281_222218-scaled-e1726639570922-720x431.jpg 2x\" width=\"360\" height=\"216\" \/>\n  <img class=\"block-image__image\" draggable=\"false\" decoding=\"async\" loading=\"lazy\" src=\"https:\/\/www.fardem-packaging.nl\/de\/wp-content\/uploads\/2023\/12\/Fardem_Confectie_0281_222218-scaled-e1726639570922.jpg\" alt=\"\" width=\"1483\" height=\"888\" \/>\n<\/picture>\n                                    <div\n                        class=\"block-image__holder block-image__holder--desktop\"\n                        style=\"aspect-ratio: 1483\/888; max-width: 1483px\">\n                    <\/div>\n                \n                                    <div\n                        class=\"block-image__holder block-image__holder--mobile\"\n                        style=\"aspect-ratio: 360\/216; max-width: 360px\">\n                    <\/div>\n                \n                                \n            <\/div>\n\n                        \n\n            \n            \n            \n            \n        <\/figure>\n\n        \n    <\/div>\n\n\n<\/div>\n            <\/div>\n<\/div>\n\n\n<h5 class=\"hh-block block-heading block-heading--id-69f5064624ae3 block-heading--align-center h5\"data-mb=\"smaller\" id=\"hh-heading-97b1d12e-dd3c-4f5a-b6a3-d38b149a9036\"\">Hochwertiger Druck<br><\/h5>\n\n\n<div class=\"hh-block block-row\"data-mb=\"regular\">\n    <div class=\"block-row__row row block-row__row--preset-1\/5|4\/5 block-row__row--align-stretch\">\n                \n\n<div class=\"hh-block block-column col col--1 col--lg-1\/5\">\n    \n\n    <div class=\"hh-block block-image\"\n         data-mt=\"none\"         data-mb=\"small\"         data-horizontal-align=\"centered\"\n         data-vertical-align=\"centered\"\n         data-mobile-align=\"centered\">\n\n         \n        <figure class=\"block-image__inner\" style=\"max-width: 1920px\">\n\n            \n            \n            <div class=\"block-image__image-container\">\n\n            \n                <picture class=\"block-image__picture\" draggable=\"false\">\n  <source media=\"(min-width: 414px)\" srcset=\"https:\/\/www.fardem-packaging.nl\/de\/wp-content\/uploads\/2023\/07\/buisfolie-16-producten-Fardem-scaled.jpg\" width=\"1920\" height=\"1920\" \/>\n  <source media=\"(min-width: 0px)\" srcset=\"https:\/\/www.fardem-packaging.nl\/de\/wp-content\/uploads\/2023\/07\/buisfolie-16-producten-Fardem-360x360.jpg 1x, https:\/\/www.fardem-packaging.nl\/de\/wp-content\/uploads\/2023\/07\/buisfolie-16-producten-Fardem-720x720.jpg 2x\" width=\"360\" height=\"360\" \/>\n  <img class=\"block-image__image\" draggable=\"false\" decoding=\"async\" loading=\"lazy\" src=\"https:\/\/www.fardem-packaging.nl\/de\/wp-content\/uploads\/2023\/07\/buisfolie-16-producten-Fardem-scaled.jpg\" alt=\"Homepage\" width=\"1920\" height=\"1920\" \/>\n<\/picture>\n                                    <div\n                        class=\"block-image__holder block-image__holder--desktop\"\n                        style=\"aspect-ratio: 1920\/1920; max-width: 1920px\">\n                    <\/div>\n                \n                                    <div\n                        class=\"block-image__holder block-image__holder--mobile\"\n                        style=\"aspect-ratio: 360\/360; max-width: 360px\">\n                    <\/div>\n                \n                                \n            <\/div>\n\n                        \n\n            \n            \n            \n            \n        <\/figure>\n\n        \n    <\/div>\n\n\n<\/div>\n\n\n<div class=\"hh-block block-column col col--1 col--lg-4\/5\">\n    \n<p class=\"hh-block block-paragraph block-paragraph--id-69f506462693e\"data-mt=\"regular\" data-mb=\"small\">Ein&nbsp;<a href=\"https:\/\/www.fardem-packaging.nl\/over-ons\/productie\/extrusie\/\">Aufdruck<\/a>&nbsp;auf Ihrer Verpackung kann verschiedene Zwecke erf\u00fcllen, z.&nbsp;B. das Interesse der Kunden an Ihrem Produkt wecken, indem Sie Ihr Firmenlogo, den Produktnamen oder ein ansprechendes Bild verwenden.<\/p>\n\n<p class=\"hh-block block-paragraph block-paragraph--id-69f5064626a39\"data-mb=\"small\">M\u00f6chten Sie mehr \u00fcber den hochwertigen Druck von Fardem Packaging erfahren? Dann lesen Sie hier weiter!<\/p>\n\n\n\n    <div class=\"hh-block block-button block-button--align-left\"\n         data-mt=\"none\"         data-mb=\"small\">\n\n        \n            \n            <a href=\"https:\/\/www.fardem-packaging.nl\/de\/hoogwaardig-drukwerk\/\" target=\"_self\" class=\"hh-button hh-button--bc hh-button--style-text hh-button--size-large hh-button--color-primary hh-button--icon-arrow-right hh-button--icon-position-right block-button__button\"><span class=\"hh-button__text block-button__button-text\">Hochwertiger Druck<\/span><figure class=\"hh-button__icon-container block-button__button-icon-container\"><svg class=\"hh-button__icon block-button__button-icon\" aria-hidden=\"true\"><use xlink:href=\"https:\/\/www.fardem-packaging.nl\/de\/wp-content\/themes\/happyhorizon\/dist\/happyhorizon-icons-a48c7885c34f533ae7d82ab6f4d7de38.svg#icon-arrow-right\"\/><\/svg><\/figure><\/a>\n        \n    <\/div>\n\n\n\n\n<p class=\"hh-block block-paragraph block-paragraph--id-69f506462705d\"data-mb=\"small\"><\/p>\n<\/div>\n            <\/div>\n<\/div>\n\n\n<h5 class=\"hh-block block-heading block-heading--id-69f50646271a0 block-heading--align-center h5\"data-mb=\"smaller\" id=\"hh-heading-f05e6bdd-a817-4703-8904-e2a34266a8ee\"\">Logistik<\/h5>\n\n\n<div class=\"hh-block block-row\"data-mb=\"regular\">\n    <div class=\"block-row__row row block-row__row--preset-2\/3|1\/3 block-row__row--align-stretch\">\n                \n\n<div class=\"hh-block block-column col col--1 col--lg-2\/3\">\n    \n<p class=\"hh-block block-paragraph block-paragraph--id-69f506462729d block-paragraph--align-right\"data-mb=\"small\">Fardem Packaging verf\u00fcgt \u00fcber eine Logistikabteilung, die sowohl interne als auch externe Transporte organisiert. Damit erreichen wir ein hohes Serviceniveau und k\u00f6nnen Ihnen den bestm\u00f6glichen Service bieten. Ihre bestellten Produkte werden mit gr\u00f6\u00dfter Sorgfalt verpackt und ausgeliefert. Die Lieferzeiten halten wir so kurz wie m\u00f6glich \u2013 und in Absprache mit Ihnen ist alles m\u00f6glich.<\/p>\n\n<p class=\"hh-block block-paragraph block-paragraph--id-69f5064627319 block-paragraph--align-right\"data-mb=\"small\">M\u00f6chten Sie mehr \u00fcber die Logistik von Fardem Packaging erfahren? Dann lesen Sie hier weiter!<\/p>\n\n\n\n    <div class=\"hh-block block-button block-button--align-right\"\n         data-mt=\"none\"         data-mb=\"small\">\n\n        \n            \n            <a href=\"https:\/\/www.fardem-packaging.nl\/de\/logistiek\/\" target=\"_self\" class=\"hh-button hh-button--bc hh-button--style-text hh-button--size-large hh-button--color-primary hh-button--icon-arrow-right hh-button--icon-position-right block-button__button\"><span class=\"hh-button__text block-button__button-text\">Logistik<\/span><figure class=\"hh-button__icon-container block-button__button-icon-container\"><svg class=\"hh-button__icon block-button__button-icon\" aria-hidden=\"true\"><use xlink:href=\"https:\/\/www.fardem-packaging.nl\/de\/wp-content\/themes\/happyhorizon\/dist\/happyhorizon-icons-a48c7885c34f533ae7d82ab6f4d7de38.svg#icon-arrow-right\"\/><\/svg><\/figure><\/a>\n        \n    <\/div>\n\n\n\n<\/div>\n\n\n<div class=\"hh-block block-column col col--1 col--lg-1\/3\">\n    \n\n    <div class=\"hh-block block-image\"\n         data-mt=\"none\"         data-mb=\"small\"         data-horizontal-align=\"centered\"\n         data-vertical-align=\"centered\"\n         data-mobile-align=\"centered\">\n\n         \n        <figure class=\"block-image__inner\" style=\"max-width: 1920px\">\n\n            \n            \n            <div class=\"block-image__image-container\">\n\n            \n                <picture class=\"block-image__picture\" draggable=\"false\">\n  <source media=\"(min-width: 414px)\" srcset=\"https:\/\/www.fardem-packaging.nl\/de\/wp-content\/uploads\/2023\/07\/Magazijn-5-logistiek-Fardem-scaled.jpg\" width=\"1920\" height=\"1280\" \/>\n  <source media=\"(min-width: 0px)\" srcset=\"https:\/\/www.fardem-packaging.nl\/de\/wp-content\/uploads\/2023\/07\/Magazijn-5-logistiek-Fardem-360x240.jpg 1x, https:\/\/www.fardem-packaging.nl\/de\/wp-content\/uploads\/2023\/07\/Magazijn-5-logistiek-Fardem-720x480.jpg 2x\" width=\"360\" height=\"240\" \/>\n  <img class=\"block-image__image\" draggable=\"false\" decoding=\"async\" loading=\"lazy\" src=\"https:\/\/www.fardem-packaging.nl\/de\/wp-content\/uploads\/2023\/07\/Magazijn-5-logistiek-Fardem-scaled.jpg\" alt=\"Homepage\" width=\"1920\" height=\"1280\" \/>\n<\/picture>\n                                    <div\n                        class=\"block-image__holder block-image__holder--desktop\"\n                        style=\"aspect-ratio: 1920\/1280; max-width: 1920px\">\n                    <\/div>\n                \n                                    <div\n                        class=\"block-image__holder block-image__holder--mobile\"\n                        style=\"aspect-ratio: 360\/240; max-width: 360px\">\n                    <\/div>\n                \n                                \n            <\/div>\n\n                        \n\n            \n            \n            \n            \n        <\/figure>\n\n        \n    <\/div>\n\n\n<\/div>\n            <\/div>\n<\/div>\n","protected":false},"excerpt":{"rendered":"","protected":false},"author":2,"featured_media":0,"parent":0,"menu_order":15,"comment_status":"closed","ping_status":"closed","template":"","meta":{"_acf_changed":false,"footnotes":""},"class_list":["post-958","page","type-page","status-publish","hentry"],"acf":[],"yoast_head":"<title>Produktion - Fardem Packaging<\/title>\n<meta name=\"description\" content=\"Fardem Packaging is een toonaangevende producent in heavy duty packaging. Bekijk onze productie en hoe wij onze verpakkingen maken.\" \/>\n<meta name=\"robots\" content=\"index, follow, max-snippet:-1, max-image-preview:large, max-video-preview:-1\" \/>\n<link rel=\"canonical\" href=\"https:\/\/www.fardem-packaging.nl\/de\/productie\/\" \/>\n<meta property=\"og:locale\" content=\"de_DE\" \/>\n<meta property=\"og:type\" content=\"article\" \/>\n<meta property=\"og:title\" content=\"Produktion - Fardem Packaging\" \/>\n<meta property=\"og:description\" content=\"Fardem Packaging is een toonaangevende producent in heavy duty packaging. Bekijk onze productie en hoe wij onze verpakkingen maken.\" \/>\n<meta property=\"og:url\" content=\"https:\/\/www.fardem-packaging.nl\/de\/productie\/\" \/>\n<meta property=\"og:site_name\" content=\"Fardem Packaging\" \/>\n<meta property=\"article:modified_time\" content=\"2024-05-02T14:05:32+00:00\" \/>\n<meta name=\"twitter:card\" content=\"summary_large_image\" \/>\n<meta name=\"twitter:label1\" content=\"Gesch\u00e4tzte Lesezeit\" \/>\n\t<meta name=\"twitter:data1\" content=\"2\u00a0Minuten\" \/>\n<script type=\"application\/ld+json\" class=\"yoast-schema-graph\">{\"@context\":\"https:\/\/schema.org\",\"@graph\":[{\"@type\":\"WebPage\",\"@id\":\"https:\/\/www.fardem-packaging.nl\/de\/productie\/\",\"url\":\"https:\/\/www.fardem-packaging.nl\/de\/productie\/\",\"name\":\"Produktion - Fardem Packaging\",\"isPartOf\":{\"@id\":\"https:\/\/www.fardem-packaging.nl\/de\/#website\"},\"datePublished\":\"2023-07-20T11:25:28+00:00\",\"dateModified\":\"2024-05-02T14:05:32+00:00\",\"description\":\"Fardem Packaging is een toonaangevende producent in heavy duty packaging. Bekijk onze productie en hoe wij onze verpakkingen maken.\",\"breadcrumb\":{\"@id\":\"https:\/\/www.fardem-packaging.nl\/de\/productie\/#breadcrumb\"},\"inLanguage\":\"de\",\"potentialAction\":[{\"@type\":\"ReadAction\",\"target\":[\"https:\/\/www.fardem-packaging.nl\/de\/productie\/\"]}]},{\"@type\":\"BreadcrumbList\",\"@id\":\"https:\/\/www.fardem-packaging.nl\/de\/productie\/#breadcrumb\",\"itemListElement\":[{\"@type\":\"ListItem\",\"position\":1,\"name\":\"Home\",\"item\":\"https:\/\/www.fardem-packaging.nl\/de\/\"},{\"@type\":\"ListItem\",\"position\":2,\"name\":\"Produktion\"}]},{\"@type\":\"WebSite\",\"@id\":\"https:\/\/www.fardem-packaging.nl\/de\/#website\",\"url\":\"https:\/\/www.fardem-packaging.nl\/de\/\",\"name\":\"Fardem Packaging\",\"description\":\"The sustainable innovator\",\"potentialAction\":[{\"@type\":\"SearchAction\",\"target\":{\"@type\":\"EntryPoint\",\"urlTemplate\":\"https:\/\/www.fardem-packaging.nl\/de\/?suchanfrage={search_term_string}\"},\"query-input\":{\"@type\":\"PropertyValueSpecification\",\"valueRequired\":true,\"valueName\":\"search_term_string\"}}],\"inLanguage\":\"de\"}]}<\/script>","yoast_head_json":{"title":"Produktion - Fardem Packaging","description":"Fardem Packaging is een toonaangevende producent in heavy duty packaging. Bekijk onze productie en hoe wij onze verpakkingen maken.","robots":{"index":"index","follow":"follow","max-snippet":"max-snippet:-1","max-image-preview":"max-image-preview:large","max-video-preview":"max-video-preview:-1"},"canonical":"https:\/\/www.fardem-packaging.nl\/de\/productie\/","og_locale":"de_DE","og_type":"article","og_title":"Produktion - Fardem Packaging","og_description":"Fardem Packaging is een toonaangevende producent in heavy duty packaging. Bekijk onze productie en hoe wij onze verpakkingen maken.","og_url":"https:\/\/www.fardem-packaging.nl\/de\/productie\/","og_site_name":"Fardem Packaging","article_modified_time":"2024-05-02T14:05:32+00:00","twitter_card":"summary_large_image","twitter_misc":{"Gesch\u00e4tzte Lesezeit":"2\u00a0Minuten"},"schema":{"@context":"https:\/\/schema.org","@graph":[{"@type":"WebPage","@id":"https:\/\/www.fardem-packaging.nl\/de\/productie\/","url":"https:\/\/www.fardem-packaging.nl\/de\/productie\/","name":"Produktion - Fardem Packaging","isPartOf":{"@id":"https:\/\/www.fardem-packaging.nl\/de\/#website"},"datePublished":"2023-07-20T11:25:28+00:00","dateModified":"2024-05-02T14:05:32+00:00","description":"Fardem Packaging is een toonaangevende producent in heavy duty packaging. Bekijk onze productie en hoe wij onze verpakkingen maken.","breadcrumb":{"@id":"https:\/\/www.fardem-packaging.nl\/de\/productie\/#breadcrumb"},"inLanguage":"de","potentialAction":[{"@type":"ReadAction","target":["https:\/\/www.fardem-packaging.nl\/de\/productie\/"]}]},{"@type":"BreadcrumbList","@id":"https:\/\/www.fardem-packaging.nl\/de\/productie\/#breadcrumb","itemListElement":[{"@type":"ListItem","position":1,"name":"Home","item":"https:\/\/www.fardem-packaging.nl\/de\/"},{"@type":"ListItem","position":2,"name":"Produktion"}]},{"@type":"WebSite","@id":"https:\/\/www.fardem-packaging.nl\/de\/#website","url":"https:\/\/www.fardem-packaging.nl\/de\/","name":"Fardem Packaging","description":"The sustainable innovator","potentialAction":[{"@type":"SearchAction","target":{"@type":"EntryPoint","urlTemplate":"https:\/\/www.fardem-packaging.nl\/de\/?suchanfrage={search_term_string}"},"query-input":{"@type":"PropertyValueSpecification","valueRequired":true,"valueName":"search_term_string"}}],"inLanguage":"de"}]}},"_links":{"self":[{"href":"https:\/\/www.fardem-packaging.nl\/de\/wp-json\/wp\/v2\/pages\/958","targetHints":{"allow":["GET"]}}],"collection":[{"href":"https:\/\/www.fardem-packaging.nl\/de\/wp-json\/wp\/v2\/pages"}],"about":[{"href":"https:\/\/www.fardem-packaging.nl\/de\/wp-json\/wp\/v2\/types\/page"}],"author":[{"embeddable":true,"href":"https:\/\/www.fardem-packaging.nl\/de\/wp-json\/wp\/v2\/users\/2"}],"replies":[{"embeddable":true,"href":"https:\/\/www.fardem-packaging.nl\/de\/wp-json\/wp\/v2\/comments?post=958"}],"version-history":[{"count":26,"href":"https:\/\/www.fardem-packaging.nl\/de\/wp-json\/wp\/v2\/pages\/958\/revisions"}],"predecessor-version":[{"id":2063,"href":"https:\/\/www.fardem-packaging.nl\/de\/wp-json\/wp\/v2\/pages\/958\/revisions\/2063"}],"wp:attachment":[{"href":"https:\/\/www.fardem-packaging.nl\/de\/wp-json\/wp\/v2\/media?parent=958"}],"curies":[{"name":"wp","href":"https:\/\/api.w.org\/{rel}","templated":true}]}}