{"id":2193,"date":"2024-11-27T14:06:47","date_gmt":"2024-11-27T13:06:47","guid":{"rendered":"https:\/\/www.fardem-packaging.nl\/de\/?page_id=2193"},"modified":"2025-07-23T10:37:40","modified_gmt":"2025-07-23T08:37:40","slug":"iso9001","status":"publish","type":"page","link":"https:\/\/www.fardem-packaging.nl\/de\/iso9001\/","title":{"rendered":"ISO9001"},"content":{"rendered":"\n<div class=\"hh-block block-row\"data-mb=\"regular\">\n    <div class=\"block-row__row row block-row__row--preset-1\/3|1\/3|1\/3 block-row__row--align-stretch\">\n                \n\n<div class=\"hh-block block-column col col--1 col--lg-1\/3\">\n    \n<p class=\"hh-block block-paragraph block-paragraph--id-69d0bd3bb6e69\"data-mb=\"small\"><\/p>\n\n<p class=\"hh-block block-paragraph block-paragraph--id-69d0bd3bb6f13\"data-mb=\"small\">ISO 9001 ist die internationale Zertifizierung f\u00fcr Qualit\u00e4tsmanagementsysteme. Diese Norm enth\u00e4lt Richtlinien, die ein gutes Qualit\u00e4tsmanagementsystem erf\u00fcllen muss. Mit ISO 9001 k\u00f6nnen Organisationen nachweisen, dass sie Produkte und Dienstleistungen liefern k\u00f6nnen, die den Qualit\u00e4tsanforderungen der Kunden entsprechen. Sie ist auch ein Mittel zur Rationalisierung von Prozessen, um diese effizienter zu gestalten. ISO 9001 kann von internen und externen Parteien (einschlie\u00dflich Zertifizierungsstellen) verwendet werden, um zu beurteilen, ob ein ordnungsgem\u00e4\u00df funktionierendes Qualit\u00e4tsmanagementsystem vorhanden ist.<\/p>\n<\/div>\n\n\n<div class=\"hh-block block-column col col--1 col--lg-1\/3\">\n    \n\n    <div class=\"hh-block block-image\"\n         data-mt=\"none\"         data-mb=\"smaller\"         data-horizontal-align=\"centered\"\n         data-vertical-align=\"centered\"\n         data-mobile-align=\"centered\">\n\n         \n        <figure class=\"block-image__inner\" style=\"max-width: 200px\">\n\n            \n            \n            <div class=\"block-image__image-container\">\n\n            \n                <picture class=\"block-image__picture\" draggable=\"false\">\n  <source media=\"(min-width: 414px)\" srcset=\"https:\/\/www.fardem-packaging.nl\/de\/wp-content\/uploads\/2025\/07\/Certificatie.ISO9001-200x200.png\" width=\"200\" height=\"200\" \/>\n  <source media=\"(min-width: 0px)\" srcset=\"https:\/\/www.fardem-packaging.nl\/de\/wp-content\/uploads\/2025\/07\/Certificatie.ISO9001-200x200.png 1x, https:\/\/www.fardem-packaging.nl\/de\/wp-content\/uploads\/2025\/07\/Certificatie.ISO9001-200x200.png 2x\" width=\"200\" height=\"200\" \/>\n  <img class=\"block-image__image\" draggable=\"false\" decoding=\"async\" loading=\"lazy\" src=\"https:\/\/www.fardem-packaging.nl\/de\/wp-content\/uploads\/2025\/07\/Certificatie.ISO9001-200x200.png\" alt=\"\" width=\"200\" height=\"200\" \/>\n<\/picture>\n                                    <div\n                        class=\"block-image__holder block-image__holder--transparent block-image__holder--desktop\"\n                        style=\"aspect-ratio: 200\/200; max-width: 200px\">\n                    <\/div>\n                \n                                    <div\n                        class=\"block-image__holder block-image__holder--transparent block-image__holder--mobile\"\n                        style=\"aspect-ratio: 200\/200; max-width: 200px\">\n                    <\/div>\n                \n                                \n            <\/div>\n\n                        \n\n            \n            \n            \n            \n        <\/figure>\n\n        \n    <\/div>\n\n\n\n\n    <div class=\"hh-block block-image\"\n         data-mt=\"none\"         data-mb=\"small\"         data-horizontal-align=\"centered\"\n         data-vertical-align=\"centered\"\n         data-mobile-align=\"centered\">\n\n         \n        <figure class=\"block-image__inner\" style=\"max-width: 260px\">\n\n            \n            \n            <div class=\"block-image__image-container\">\n\n            \n                <picture class=\"block-image__picture\" draggable=\"false\">\n  <source media=\"(min-width: 414px)\" srcset=\"https:\/\/www.fardem-packaging.nl\/de\/wp-content\/uploads\/2024\/10\/Man-Vrouw-in-fabriek-audit-ISO14001-certificering-packaging-ss-358125278-scaled-e1727773882913-325x250.jpg\" width=\"260\" height=\"200\" \/>\n  <source media=\"(min-width: 0px)\" srcset=\"https:\/\/www.fardem-packaging.nl\/de\/wp-content\/uploads\/2024\/10\/Man-Vrouw-in-fabriek-audit-ISO14001-certificering-packaging-ss-358125278-scaled-e1727773882913-325x250.jpg 1x, https:\/\/www.fardem-packaging.nl\/de\/wp-content\/uploads\/2024\/10\/Man-Vrouw-in-fabriek-audit-ISO14001-certificering-packaging-ss-358125278-scaled-e1727773882913-325x250.jpg 2x\" width=\"260\" height=\"200\" \/>\n  <img class=\"block-image__image\" draggable=\"false\" decoding=\"async\" loading=\"lazy\" src=\"https:\/\/www.fardem-packaging.nl\/de\/wp-content\/uploads\/2024\/10\/Man-Vrouw-in-fabriek-audit-ISO14001-certificering-packaging-ss-358125278-scaled-e1727773882913-325x250.jpg\" alt=\"\" width=\"260\" height=\"200\" \/>\n<\/picture>\n                                    <div\n                        class=\"block-image__holder block-image__holder--desktop\"\n                        style=\"aspect-ratio: 260\/200; max-width: 260px\">\n                    <\/div>\n                \n                                    <div\n                        class=\"block-image__holder block-image__holder--mobile\"\n                        style=\"aspect-ratio: 260\/200; max-width: 260px\">\n                    <\/div>\n                \n                                \n            <\/div>\n\n                        \n\n            \n            \n            \n            \n        <\/figure>\n\n        \n    <\/div>\n\n\n<\/div>\n\n\n<div class=\"hh-block block-column col col--1 col--lg-1\/3\">\n    <\/div>\n            <\/div>\n<\/div>\n\n\n<p class=\"hh-block block-paragraph block-paragraph--id-69d0bd3bbdd05\"data-mb=\"small\"><a href=\"https:\/\/www.opackgroup.com\/wp-content\/uploads\/2025\/03\/ISO_9001-tot-14-april-2028-eng.pdf\">ISO 9001-<\/a><a href=\"https:\/\/www.opackgroup.com\/wp-content\/uploads\/2025\/03\/ISO_9001-tot-14-april-2028-eng.pdf\" target=\"_blank\" rel=\"noreferrer noopener\">Zertifikat<\/a><br><\/p>","protected":false},"excerpt":{"rendered":"","protected":false},"author":2,"featured_media":0,"parent":0,"menu_order":4,"comment_status":"closed","ping_status":"closed","template":"","meta":{"_acf_changed":false,"footnotes":""},"class_list":["post-2193","page","type-page","status-publish","hentry"],"acf":[],"yoast_head":"<title>ISO9001 - Fardem Packaging<\/title>\n<meta name=\"robots\" content=\"index, follow, max-snippet:-1, max-image-preview:large, max-video-preview:-1\" \/>\n<link rel=\"canonical\" href=\"https:\/\/www.fardem-packaging.nl\/de\/iso9001\/\" \/>\n<meta property=\"og:locale\" content=\"de_DE\" \/>\n<meta property=\"og:type\" content=\"article\" \/>\n<meta property=\"og:title\" content=\"ISO9001 - Fardem Packaging\" \/>\n<meta property=\"og:url\" content=\"https:\/\/www.fardem-packaging.nl\/de\/iso9001\/\" \/>\n<meta property=\"og:site_name\" content=\"Fardem Packaging\" \/>\n<meta property=\"article:modified_time\" content=\"2025-07-23T08:37:40+00:00\" \/>\n<meta name=\"twitter:card\" content=\"summary_large_image\" \/>\n<meta name=\"twitter:label1\" content=\"Gesch\u00e4tzte Lesezeit\" \/>\n\t<meta name=\"twitter:data1\" content=\"1\u00a0Minute\" \/>\n<script type=\"application\/ld+json\" class=\"yoast-schema-graph\">{\"@context\":\"https:\/\/schema.org\",\"@graph\":[{\"@type\":\"WebPage\",\"@id\":\"https:\/\/www.fardem-packaging.nl\/de\/iso9001\/\",\"url\":\"https:\/\/www.fardem-packaging.nl\/de\/iso9001\/\",\"name\":\"ISO9001 - Fardem Packaging\",\"isPartOf\":{\"@id\":\"https:\/\/www.fardem-packaging.nl\/de\/#website\"},\"datePublished\":\"2024-11-27T13:06:47+00:00\",\"dateModified\":\"2025-07-23T08:37:40+00:00\",\"breadcrumb\":{\"@id\":\"https:\/\/www.fardem-packaging.nl\/de\/iso9001\/#breadcrumb\"},\"inLanguage\":\"de\",\"potentialAction\":[{\"@type\":\"ReadAction\",\"target\":[\"https:\/\/www.fardem-packaging.nl\/de\/iso9001\/\"]}]},{\"@type\":\"BreadcrumbList\",\"@id\":\"https:\/\/www.fardem-packaging.nl\/de\/iso9001\/#breadcrumb\",\"itemListElement\":[{\"@type\":\"ListItem\",\"position\":1,\"name\":\"Home\",\"item\":\"https:\/\/www.fardem-packaging.nl\/de\/\"},{\"@type\":\"ListItem\",\"position\":2,\"name\":\"ISO9001\"}]},{\"@type\":\"WebSite\",\"@id\":\"https:\/\/www.fardem-packaging.nl\/de\/#website\",\"url\":\"https:\/\/www.fardem-packaging.nl\/de\/\",\"name\":\"Fardem Packaging\",\"description\":\"The sustainable innovator\",\"potentialAction\":[{\"@type\":\"SearchAction\",\"target\":{\"@type\":\"EntryPoint\",\"urlTemplate\":\"https:\/\/www.fardem-packaging.nl\/de\/?suchanfrage={search_term_string}\"},\"query-input\":{\"@type\":\"PropertyValueSpecification\",\"valueRequired\":true,\"valueName\":\"search_term_string\"}}],\"inLanguage\":\"de\"}]}<\/script>","yoast_head_json":{"title":"ISO9001 - Fardem Packaging","robots":{"index":"index","follow":"follow","max-snippet":"max-snippet:-1","max-image-preview":"max-image-preview:large","max-video-preview":"max-video-preview:-1"},"canonical":"https:\/\/www.fardem-packaging.nl\/de\/iso9001\/","og_locale":"de_DE","og_type":"article","og_title":"ISO9001 - Fardem Packaging","og_url":"https:\/\/www.fardem-packaging.nl\/de\/iso9001\/","og_site_name":"Fardem Packaging","article_modified_time":"2025-07-23T08:37:40+00:00","twitter_card":"summary_large_image","twitter_misc":{"Gesch\u00e4tzte Lesezeit":"1\u00a0Minute"},"schema":{"@context":"https:\/\/schema.org","@graph":[{"@type":"WebPage","@id":"https:\/\/www.fardem-packaging.nl\/de\/iso9001\/","url":"https:\/\/www.fardem-packaging.nl\/de\/iso9001\/","name":"ISO9001 - Fardem Packaging","isPartOf":{"@id":"https:\/\/www.fardem-packaging.nl\/de\/#website"},"datePublished":"2024-11-27T13:06:47+00:00","dateModified":"2025-07-23T08:37:40+00:00","breadcrumb":{"@id":"https:\/\/www.fardem-packaging.nl\/de\/iso9001\/#breadcrumb"},"inLanguage":"de","potentialAction":[{"@type":"ReadAction","target":["https:\/\/www.fardem-packaging.nl\/de\/iso9001\/"]}]},{"@type":"BreadcrumbList","@id":"https:\/\/www.fardem-packaging.nl\/de\/iso9001\/#breadcrumb","itemListElement":[{"@type":"ListItem","position":1,"name":"Home","item":"https:\/\/www.fardem-packaging.nl\/de\/"},{"@type":"ListItem","position":2,"name":"ISO9001"}]},{"@type":"WebSite","@id":"https:\/\/www.fardem-packaging.nl\/de\/#website","url":"https:\/\/www.fardem-packaging.nl\/de\/","name":"Fardem Packaging","description":"The sustainable innovator","potentialAction":[{"@type":"SearchAction","target":{"@type":"EntryPoint","urlTemplate":"https:\/\/www.fardem-packaging.nl\/de\/?suchanfrage={search_term_string}"},"query-input":{"@type":"PropertyValueSpecification","valueRequired":true,"valueName":"search_term_string"}}],"inLanguage":"de"}]}},"_links":{"self":[{"href":"https:\/\/www.fardem-packaging.nl\/de\/wp-json\/wp\/v2\/pages\/2193","targetHints":{"allow":["GET"]}}],"collection":[{"href":"https:\/\/www.fardem-packaging.nl\/de\/wp-json\/wp\/v2\/pages"}],"about":[{"href":"https:\/\/www.fardem-packaging.nl\/de\/wp-json\/wp\/v2\/types\/page"}],"author":[{"embeddable":true,"href":"https:\/\/www.fardem-packaging.nl\/de\/wp-json\/wp\/v2\/users\/2"}],"replies":[{"embeddable":true,"href":"https:\/\/www.fardem-packaging.nl\/de\/wp-json\/wp\/v2\/comments?post=2193"}],"version-history":[{"count":4,"href":"https:\/\/www.fardem-packaging.nl\/de\/wp-json\/wp\/v2\/pages\/2193\/revisions"}],"predecessor-version":[{"id":2422,"href":"https:\/\/www.fardem-packaging.nl\/de\/wp-json\/wp\/v2\/pages\/2193\/revisions\/2422"}],"wp:attachment":[{"href":"https:\/\/www.fardem-packaging.nl\/de\/wp-json\/wp\/v2\/media?parent=2193"}],"curies":[{"name":"wp","href":"https:\/\/api.w.org\/{rel}","templated":true}]}}