{"id":2186,"date":"2024-11-27T14:01:12","date_gmt":"2024-11-27T13:01:12","guid":{"rendered":"https:\/\/www.fardem-packaging.nl\/de\/?page_id=2186"},"modified":"2024-11-27T14:02:21","modified_gmt":"2024-11-27T13:02:21","slug":"bqa-qa-cer","status":"publish","type":"page","link":"https:\/\/www.fardem-packaging.nl\/de\/bqa-qa-cer\/","title":{"rendered":"BQA QA-CER"},"content":{"rendered":"\n<div class=\"hh-block block-row\"data-mb=\"regular\">\n    <div class=\"block-row__row row block-row__row--preset-1\/3|1\/3|1\/3 block-row__row--align-stretch\">\n                \n\n<div class=\"hh-block block-column col col--1 col--lg-1\/3\">\n    \n<p class=\"hh-block block-paragraph block-paragraph--id-69e73bf541e48\"data-mb=\"small\">BQA QA-CER Recycled Content garantiert das Qualit\u00e4tssystem in Bezug auf den Recyclingprozess und die Verwendung von Rezyklaten, sowohl in Bezug auf den Rezyklatgehalt als auch auf die Qualit\u00e4t des Endprodukts, um das Prinzip der Nachhaltigkeit zu unterst\u00fctzen. Mit diesem Zertifikat kann der prozentuale Anteil des recycelten Inhalts f\u00fcr jedes Produkt nachgewiesen werden.<\/p>\n<\/div>\n\n\n<div class=\"hh-block block-column col col--1 col--lg-1\/3\">\n    \n\n    <div class=\"hh-block block-image\"\n         data-mt=\"small\"         data-mb=\"small\"         data-horizontal-align=\"centered\"\n         data-vertical-align=\"centered\"\n         data-mobile-align=\"centered\">\n\n         \n        <figure class=\"block-image__inner\" style=\"max-width: 260px\">\n\n            \n            \n            <div class=\"block-image__image-container\">\n\n            \n                <picture class=\"block-image__picture\" draggable=\"false\">\n  <source media=\"(min-width: 414px)\" srcset=\"https:\/\/www.fardem-packaging.nl\/de\/wp-content\/uploads\/2024\/10\/QA-CER-logo-260x205.png\" width=\"260\" height=\"205\" \/>\n  <source media=\"(min-width: 0px)\" srcset=\"https:\/\/www.fardem-packaging.nl\/de\/wp-content\/uploads\/2024\/10\/QA-CER-logo-260x205.png 1x, https:\/\/www.fardem-packaging.nl\/de\/wp-content\/uploads\/2024\/10\/QA-CER-logo-260x205.png 2x\" width=\"260\" height=\"205\" \/>\n  <img class=\"block-image__image\" draggable=\"false\" decoding=\"async\" loading=\"lazy\" src=\"https:\/\/www.fardem-packaging.nl\/de\/wp-content\/uploads\/2024\/10\/QA-CER-logo-260x205.png\" alt=\"\" width=\"260\" height=\"205\" \/>\n<\/picture>\n                                    <div\n                        class=\"block-image__holder block-image__holder--transparent block-image__holder--desktop\"\n                        style=\"aspect-ratio: 260\/205; max-width: 260px\">\n                    <\/div>\n                \n                                    <div\n                        class=\"block-image__holder block-image__holder--transparent block-image__holder--mobile\"\n                        style=\"aspect-ratio: 260\/205; max-width: 260px\">\n                    <\/div>\n                \n                                \n            <\/div>\n\n                        \n\n            \n            \n            \n            \n        <\/figure>\n\n        \n    <\/div>\n\n\n<\/div>\n\n\n<div class=\"hh-block block-column col col--1 col--lg-1\/3\">\n    \n\n    <div class=\"hh-block block-image\"\n         data-mt=\"none\"         data-mb=\"small\"         data-horizontal-align=\"left\"\n         data-vertical-align=\"centered\"\n         data-mobile-align=\"centered\">\n\n         \n        <figure class=\"block-image__inner\" style=\"max-width: 238px\">\n\n            \n            \n            <div class=\"block-image__image-container\">\n\n            \n                <picture class=\"block-image__picture\" draggable=\"false\">\n  <source media=\"(min-width: 414px)\" srcset=\"https:\/\/www.fardem-packaging.nl\/de\/wp-content\/uploads\/2024\/11\/DSC00049-scaled-e1730724440150-297x250.jpg\" width=\"238\" height=\"200\" \/>\n  <source media=\"(min-width: 0px)\" srcset=\"https:\/\/www.fardem-packaging.nl\/de\/wp-content\/uploads\/2024\/11\/DSC00049-scaled-e1730724440150-297x250.jpg 1x, https:\/\/www.fardem-packaging.nl\/de\/wp-content\/uploads\/2024\/11\/DSC00049-scaled-e1730724440150-297x250.jpg 2x\" width=\"238\" height=\"200\" \/>\n  <img class=\"block-image__image\" draggable=\"false\" decoding=\"async\" loading=\"lazy\" src=\"https:\/\/www.fardem-packaging.nl\/de\/wp-content\/uploads\/2024\/11\/DSC00049-scaled-e1730724440150-297x250.jpg\" alt=\"\" width=\"238\" height=\"200\" \/>\n<\/picture>\n                                    <div\n                        class=\"block-image__holder block-image__holder--desktop\"\n                        style=\"aspect-ratio: 238\/200; max-width: 238px\">\n                    <\/div>\n                \n                                    <div\n                        class=\"block-image__holder block-image__holder--mobile\"\n                        style=\"aspect-ratio: 238\/200; max-width: 238px\">\n                    <\/div>\n                \n                                \n            <\/div>\n\n                        \n\n            \n            \n            \n            \n        <\/figure>\n\n        \n    <\/div>\n\n\n<\/div>\n            <\/div>\n<\/div>\n\n\n<p class=\"hh-block block-paragraph block-paragraph--id-69e73bf54a124\"data-mb=\"small\"><a href=\"https:\/\/www.opackgroup.com\/wp-content\/uploads\/2024\/01\/QA-Cer-certificate-BQA_QA-CER_C_2020938.pdf\" target=\"_blank\" rel=\"noreferrer noopener\">QA-cer level 2 &#8211; certificate<\/a><\/p>","protected":false},"excerpt":{"rendered":"","protected":false},"author":2,"featured_media":0,"parent":0,"menu_order":7,"comment_status":"closed","ping_status":"closed","template":"","meta":{"_acf_changed":false,"footnotes":""},"class_list":["post-2186","page","type-page","status-publish","hentry"],"acf":[],"yoast_head":"<title>BQA QA-CER - Fardem Packaging<\/title>\n<meta name=\"robots\" content=\"index, follow, max-snippet:-1, max-image-preview:large, max-video-preview:-1\" \/>\n<link rel=\"canonical\" href=\"https:\/\/www.fardem-packaging.nl\/de\/bqa-qa-cer\/\" \/>\n<meta property=\"og:locale\" content=\"de_DE\" \/>\n<meta property=\"og:type\" content=\"article\" \/>\n<meta property=\"og:title\" content=\"BQA QA-CER - Fardem Packaging\" \/>\n<meta property=\"og:url\" content=\"https:\/\/www.fardem-packaging.nl\/de\/bqa-qa-cer\/\" \/>\n<meta property=\"og:site_name\" content=\"Fardem Packaging\" \/>\n<meta property=\"article:modified_time\" content=\"2024-11-27T13:02:21+00:00\" \/>\n<meta name=\"twitter:card\" content=\"summary_large_image\" \/>\n<meta name=\"twitter:label1\" content=\"Gesch\u00e4tzte Lesezeit\" \/>\n\t<meta name=\"twitter:data1\" content=\"1\u00a0Minute\" \/>\n<script type=\"application\/ld+json\" class=\"yoast-schema-graph\">{\"@context\":\"https:\/\/schema.org\",\"@graph\":[{\"@type\":\"WebPage\",\"@id\":\"https:\/\/www.fardem-packaging.nl\/de\/bqa-qa-cer\/\",\"url\":\"https:\/\/www.fardem-packaging.nl\/de\/bqa-qa-cer\/\",\"name\":\"BQA QA-CER - Fardem Packaging\",\"isPartOf\":{\"@id\":\"https:\/\/www.fardem-packaging.nl\/de\/#website\"},\"datePublished\":\"2024-11-27T13:01:12+00:00\",\"dateModified\":\"2024-11-27T13:02:21+00:00\",\"breadcrumb\":{\"@id\":\"https:\/\/www.fardem-packaging.nl\/de\/bqa-qa-cer\/#breadcrumb\"},\"inLanguage\":\"de\",\"potentialAction\":[{\"@type\":\"ReadAction\",\"target\":[\"https:\/\/www.fardem-packaging.nl\/de\/bqa-qa-cer\/\"]}]},{\"@type\":\"BreadcrumbList\",\"@id\":\"https:\/\/www.fardem-packaging.nl\/de\/bqa-qa-cer\/#breadcrumb\",\"itemListElement\":[{\"@type\":\"ListItem\",\"position\":1,\"name\":\"Home\",\"item\":\"https:\/\/www.fardem-packaging.nl\/de\/\"},{\"@type\":\"ListItem\",\"position\":2,\"name\":\"BQA QA-CER\"}]},{\"@type\":\"WebSite\",\"@id\":\"https:\/\/www.fardem-packaging.nl\/de\/#website\",\"url\":\"https:\/\/www.fardem-packaging.nl\/de\/\",\"name\":\"Fardem Packaging\",\"description\":\"The sustainable innovator\",\"potentialAction\":[{\"@type\":\"SearchAction\",\"target\":{\"@type\":\"EntryPoint\",\"urlTemplate\":\"https:\/\/www.fardem-packaging.nl\/de\/?suchanfrage={search_term_string}\"},\"query-input\":{\"@type\":\"PropertyValueSpecification\",\"valueRequired\":true,\"valueName\":\"search_term_string\"}}],\"inLanguage\":\"de\"}]}<\/script>","yoast_head_json":{"title":"BQA QA-CER - Fardem Packaging","robots":{"index":"index","follow":"follow","max-snippet":"max-snippet:-1","max-image-preview":"max-image-preview:large","max-video-preview":"max-video-preview:-1"},"canonical":"https:\/\/www.fardem-packaging.nl\/de\/bqa-qa-cer\/","og_locale":"de_DE","og_type":"article","og_title":"BQA QA-CER - Fardem Packaging","og_url":"https:\/\/www.fardem-packaging.nl\/de\/bqa-qa-cer\/","og_site_name":"Fardem Packaging","article_modified_time":"2024-11-27T13:02:21+00:00","twitter_card":"summary_large_image","twitter_misc":{"Gesch\u00e4tzte Lesezeit":"1\u00a0Minute"},"schema":{"@context":"https:\/\/schema.org","@graph":[{"@type":"WebPage","@id":"https:\/\/www.fardem-packaging.nl\/de\/bqa-qa-cer\/","url":"https:\/\/www.fardem-packaging.nl\/de\/bqa-qa-cer\/","name":"BQA QA-CER - Fardem Packaging","isPartOf":{"@id":"https:\/\/www.fardem-packaging.nl\/de\/#website"},"datePublished":"2024-11-27T13:01:12+00:00","dateModified":"2024-11-27T13:02:21+00:00","breadcrumb":{"@id":"https:\/\/www.fardem-packaging.nl\/de\/bqa-qa-cer\/#breadcrumb"},"inLanguage":"de","potentialAction":[{"@type":"ReadAction","target":["https:\/\/www.fardem-packaging.nl\/de\/bqa-qa-cer\/"]}]},{"@type":"BreadcrumbList","@id":"https:\/\/www.fardem-packaging.nl\/de\/bqa-qa-cer\/#breadcrumb","itemListElement":[{"@type":"ListItem","position":1,"name":"Home","item":"https:\/\/www.fardem-packaging.nl\/de\/"},{"@type":"ListItem","position":2,"name":"BQA QA-CER"}]},{"@type":"WebSite","@id":"https:\/\/www.fardem-packaging.nl\/de\/#website","url":"https:\/\/www.fardem-packaging.nl\/de\/","name":"Fardem Packaging","description":"The sustainable innovator","potentialAction":[{"@type":"SearchAction","target":{"@type":"EntryPoint","urlTemplate":"https:\/\/www.fardem-packaging.nl\/de\/?suchanfrage={search_term_string}"},"query-input":{"@type":"PropertyValueSpecification","valueRequired":true,"valueName":"search_term_string"}}],"inLanguage":"de"}]}},"_links":{"self":[{"href":"https:\/\/www.fardem-packaging.nl\/de\/wp-json\/wp\/v2\/pages\/2186","targetHints":{"allow":["GET"]}}],"collection":[{"href":"https:\/\/www.fardem-packaging.nl\/de\/wp-json\/wp\/v2\/pages"}],"about":[{"href":"https:\/\/www.fardem-packaging.nl\/de\/wp-json\/wp\/v2\/types\/page"}],"author":[{"embeddable":true,"href":"https:\/\/www.fardem-packaging.nl\/de\/wp-json\/wp\/v2\/users\/2"}],"replies":[{"embeddable":true,"href":"https:\/\/www.fardem-packaging.nl\/de\/wp-json\/wp\/v2\/comments?post=2186"}],"version-history":[{"count":2,"href":"https:\/\/www.fardem-packaging.nl\/de\/wp-json\/wp\/v2\/pages\/2186\/revisions"}],"predecessor-version":[{"id":2188,"href":"https:\/\/www.fardem-packaging.nl\/de\/wp-json\/wp\/v2\/pages\/2186\/revisions\/2188"}],"wp:attachment":[{"href":"https:\/\/www.fardem-packaging.nl\/de\/wp-json\/wp\/v2\/media?parent=2186"}],"curies":[{"name":"wp","href":"https:\/\/api.w.org\/{rel}","templated":true}]}}