{"id":2172,"date":"2024-11-27T14:12:05","date_gmt":"2024-11-27T13:12:05","guid":{"rendered":"https:\/\/www.fardem-packaging.nl\/de\/?page_id=2172"},"modified":"2024-11-27T14:13:13","modified_gmt":"2024-11-27T13:13:13","slug":"qualitaetsstandards-1","status":"publish","type":"page","link":"https:\/\/www.fardem-packaging.nl\/de\/qualitaetsstandards-1\/","title":{"rendered":"Qualit\u00e4tsstandards"},"content":{"rendered":"<p class=\"hh-block block-paragraph block-paragraph--id-69d0aa522e60e\"data-mb=\"small\">Fardem Packaging verf\u00fcgt \u00fcber eine breite Palette von Zertifizierungen, die sein Engagement f\u00fcr Qualit\u00e4t, Nachhaltigkeit und Sicherheit best\u00e4tigen. Diese gew\u00e4hrleisten, dass alle Produkte und Prozesse internationalen Standards entsprechen.<br>Im Folgenden k\u00f6nnen Sie mehr \u00fcber die Zertifizierungen von Fardem Packaging lesen.<\/p>\n\n\n\n\n    <section class=\"hh-block block-square-image-slider\"\n             data-mt=\"none\"             data-mb=\"large\">\n\n        <div class=\"block-square-image-slider__slider-container swiper-container\">\n            <div class=\"block-square-image-slider__wrapper swiper-wrapper\">\n                                    <div class=\"block-square-image-slider__slide swiper-slide\">\n                        \n<article class=\"snippet-square-image snippet-square-image--has-link snippet-square-image--has-image\">\n\n    <a class=\"snippet-square-image__link\" target=\"_blank\" draggable=\"false\" href=\"https:\/\/www.fardem-packaging.nl\/de\/bqa-qa-cer\/\">\n    <div class=\"snippet-square-image__overlay\">\n        <span class=\"snippet-square-image__overlay-text\">\n            bqa qa-cer        <\/span>\n        <svg class=\"snippet-square-image__overlay-icon\">\n            <use xlink:href=\"https:\/\/www.fardem-packaging.nl\/de\/wp-content\/themes\/happyhorizon\/dist\/happyhorizon-icons-a48c7885c34f533ae7d82ab6f4d7de38.svg#arrow-btn\"\/>\n        <\/svg>\n    <\/div>\n\n    <figure class=\"snippet-square-image__image-container\">\n\n                    <img decoding=\"async\" loading=\"lazy\"\n                 class=\"snippet-square-image__image\"\n                 draggable=\"false\"\n                 srcset=\"https:\/\/www.fardem-packaging.nl\/de\/wp-content\/uploads\/2024\/11\/BQA-QA-CER-320x320.jpg 1x, https:\/\/www.fardem-packaging.nl\/de\/wp-content\/uploads\/2024\/11\/BQA-QA-CER.jpg 2x\"\n                 src=\"https:\/\/www.fardem-packaging.nl\/de\/wp-content\/uploads\/2024\/11\/BQA-QA-CER-320x320.jpg\"\n                 alt=\"\"\n                 width=\"320px\"                 height=\"320px\"\/>\n        \n    <\/figure>\n\n    <\/a>\n<\/article>                    <\/div>\n                                    <div class=\"block-square-image-slider__slide swiper-slide\">\n                        \n<article class=\"snippet-square-image snippet-square-image--has-link snippet-square-image--has-image\">\n\n    <a class=\"snippet-square-image__link\" target=\"_blank\" draggable=\"false\" href=\"https:\/\/www.fardem-packaging.nl\/de\/brcgs-verpackungsmaterialien\/\">\n    <div class=\"snippet-square-image__overlay\">\n        <span class=\"snippet-square-image__overlay-text\">\n            brcgs        <\/span>\n        <svg class=\"snippet-square-image__overlay-icon\">\n            <use xlink:href=\"https:\/\/www.fardem-packaging.nl\/de\/wp-content\/themes\/happyhorizon\/dist\/happyhorizon-icons-a48c7885c34f533ae7d82ab6f4d7de38.svg#arrow-btn\"\/>\n        <\/svg>\n    <\/div>\n\n    <figure class=\"snippet-square-image__image-container\">\n\n                    <img decoding=\"async\" loading=\"lazy\"\n                 class=\"snippet-square-image__image\"\n                 draggable=\"false\"\n                 srcset=\"https:\/\/www.fardem-packaging.nl\/de\/wp-content\/uploads\/2024\/10\/certificaten-website-18-320x320.jpg 1x, https:\/\/www.fardem-packaging.nl\/de\/wp-content\/uploads\/2024\/10\/certificaten-website-18.jpg 2x\"\n                 src=\"https:\/\/www.fardem-packaging.nl\/de\/wp-content\/uploads\/2024\/10\/certificaten-website-18-320x320.jpg\"\n                 alt=\"\"\n                 width=\"320px\"                 height=\"320px\"\/>\n        \n    <\/figure>\n\n    <\/a>\n<\/article>                    <\/div>\n                                    <div class=\"block-square-image-slider__slide swiper-slide\">\n                        \n<article class=\"snippet-square-image snippet-square-image--has-link snippet-square-image--has-image\">\n\n    <a class=\"snippet-square-image__link\" target=\"_blank\" draggable=\"false\" href=\"https:\/\/www.fardem-packaging.nl\/de\/ecovadis\/\">\n    <div class=\"snippet-square-image__overlay\">\n        <span class=\"snippet-square-image__overlay-text\">\n            ecovadis        <\/span>\n        <svg class=\"snippet-square-image__overlay-icon\">\n            <use xlink:href=\"https:\/\/www.fardem-packaging.nl\/de\/wp-content\/themes\/happyhorizon\/dist\/happyhorizon-icons-a48c7885c34f533ae7d82ab6f4d7de38.svg#arrow-btn\"\/>\n        <\/svg>\n    <\/div>\n\n    <figure class=\"snippet-square-image__image-container\">\n\n                    <img decoding=\"async\" loading=\"lazy\"\n                 class=\"snippet-square-image__image\"\n                 draggable=\"false\"\n                 srcset=\"https:\/\/www.fardem-packaging.nl\/de\/wp-content\/uploads\/2024\/10\/4-320x320.jpg 1x, https:\/\/www.fardem-packaging.nl\/de\/wp-content\/uploads\/2024\/10\/4.jpg 2x\"\n                 src=\"https:\/\/www.fardem-packaging.nl\/de\/wp-content\/uploads\/2024\/10\/4-320x320.jpg\"\n                 alt=\"\"\n                 width=\"320px\"                 height=\"320px\"\/>\n        \n    <\/figure>\n\n    <\/a>\n<\/article>                    <\/div>\n                                    <div class=\"block-square-image-slider__slide swiper-slide\">\n                        \n<article class=\"snippet-square-image snippet-square-image--has-link snippet-square-image--has-image\">\n\n    <a class=\"snippet-square-image__link\" target=\"_blank\" draggable=\"false\" href=\"https:\/\/www.fardem-packaging.nl\/de\/iso9001\/\">\n    <div class=\"snippet-square-image__overlay\">\n        <span class=\"snippet-square-image__overlay-text\">\n            iso9001        <\/span>\n        <svg class=\"snippet-square-image__overlay-icon\">\n            <use xlink:href=\"https:\/\/www.fardem-packaging.nl\/de\/wp-content\/themes\/happyhorizon\/dist\/happyhorizon-icons-a48c7885c34f533ae7d82ab6f4d7de38.svg#arrow-btn\"\/>\n        <\/svg>\n    <\/div>\n\n    <figure class=\"snippet-square-image__image-container\">\n\n                    <img decoding=\"async\" loading=\"lazy\"\n                 class=\"snippet-square-image__image\"\n                 draggable=\"false\"\n                 srcset=\"https:\/\/www.fardem-packaging.nl\/de\/wp-content\/uploads\/2024\/10\/certificaten-website-1-320x320.jpg 1x, https:\/\/www.fardem-packaging.nl\/de\/wp-content\/uploads\/2024\/10\/certificaten-website-1.jpg 2x\"\n                 src=\"https:\/\/www.fardem-packaging.nl\/de\/wp-content\/uploads\/2024\/10\/certificaten-website-1-320x320.jpg\"\n                 alt=\"\"\n                 width=\"320px\"                 height=\"320px\"\/>\n        \n    <\/figure>\n\n    <\/a>\n<\/article>                    <\/div>\n                            <\/div>\n        <\/div>\n\n        <div class=\"block-square-image-slider__slider-pagination swiper-pagination\"><\/div>\n\n        <span class=\"block-square-image-slider__slider-button block-square-image-slider__slider-button--prev\">\n            <svg class=\"block-square-image-slider__slider-button-icon\">\n                <use xlink:href='https:\/\/www.fardem-packaging.nl\/de\/wp-content\/themes\/happyhorizon\/dist\/happyhorizon-icons-a48c7885c34f533ae7d82ab6f4d7de38.svg#icon-arrow-left'\/>\n            <\/svg>\n        <\/span>\n\n        <span class=\"block-square-image-slider__slider-button block-square-image-slider__slider-button--next\">\n            <svg class=\"block-square-image-slider__slider-button-icon\">\n                <use xlink:href='https:\/\/www.fardem-packaging.nl\/de\/wp-content\/themes\/happyhorizon\/dist\/happyhorizon-icons-a48c7885c34f533ae7d82ab6f4d7de38.svg#icon-arrow-right'\/>\n            <\/svg>\n        <\/span>\n\n    <\/section>\n\n\n\n\n\n\n    <section class=\"hh-block block-square-image-slider\"\n             data-mt=\"none\"             data-mb=\"large\">\n\n        <div class=\"block-square-image-slider__slider-container swiper-container\">\n            <div class=\"block-square-image-slider__wrapper swiper-wrapper\">\n                                    <div class=\"block-square-image-slider__slide swiper-slide\">\n                        \n<article class=\"snippet-square-image snippet-square-image--has-link snippet-square-image--has-image\">\n\n    <a class=\"snippet-square-image__link\" target=\"_blank\" draggable=\"false\" href=\"https:\/\/www.fardem-packaging.nl\/de\/iso14001\/\">\n    <div class=\"snippet-square-image__overlay\">\n        <span class=\"snippet-square-image__overlay-text\">\n            iso14001        <\/span>\n        <svg class=\"snippet-square-image__overlay-icon\">\n            <use xlink:href=\"https:\/\/www.fardem-packaging.nl\/de\/wp-content\/themes\/happyhorizon\/dist\/happyhorizon-icons-a48c7885c34f533ae7d82ab6f4d7de38.svg#arrow-btn\"\/>\n        <\/svg>\n    <\/div>\n\n    <figure class=\"snippet-square-image__image-container\">\n\n                    <img decoding=\"async\" loading=\"lazy\"\n                 class=\"snippet-square-image__image\"\n                 draggable=\"false\"\n                 srcset=\"https:\/\/www.fardem-packaging.nl\/de\/wp-content\/uploads\/2024\/11\/ISO14001-5-320x320.jpg 1x, https:\/\/www.fardem-packaging.nl\/de\/wp-content\/uploads\/2024\/11\/ISO14001-5.jpg 2x\"\n                 src=\"https:\/\/www.fardem-packaging.nl\/de\/wp-content\/uploads\/2024\/11\/ISO14001-5-320x320.jpg\"\n                 alt=\"\"\n                 width=\"320px\"                 height=\"320px\"\/>\n        \n    <\/figure>\n\n    <\/a>\n<\/article>                    <\/div>\n                                    <div class=\"block-square-image-slider__slide swiper-slide\">\n                        \n<article class=\"snippet-square-image snippet-square-image--has-link snippet-square-image--has-image\">\n\n    <a class=\"snippet-square-image__link\" target=\"_blank\" draggable=\"false\" href=\"https:\/\/www.fardem-packaging.nl\/de\/iso26000\/\">\n    <div class=\"snippet-square-image__overlay\">\n        <span class=\"snippet-square-image__overlay-text\">\n            iso26000        <\/span>\n        <svg class=\"snippet-square-image__overlay-icon\">\n            <use xlink:href=\"https:\/\/www.fardem-packaging.nl\/de\/wp-content\/themes\/happyhorizon\/dist\/happyhorizon-icons-a48c7885c34f533ae7d82ab6f4d7de38.svg#arrow-btn\"\/>\n        <\/svg>\n    <\/div>\n\n    <figure class=\"snippet-square-image__image-container\">\n\n                    <img decoding=\"async\" loading=\"lazy\"\n                 class=\"snippet-square-image__image\"\n                 draggable=\"false\"\n                 srcset=\"https:\/\/www.fardem-packaging.nl\/de\/wp-content\/uploads\/2024\/10\/certificaten-website-320x320.jpg 1x, https:\/\/www.fardem-packaging.nl\/de\/wp-content\/uploads\/2024\/10\/certificaten-website.jpg 2x\"\n                 src=\"https:\/\/www.fardem-packaging.nl\/de\/wp-content\/uploads\/2024\/10\/certificaten-website-320x320.jpg\"\n                 alt=\"\"\n                 width=\"320px\"                 height=\"320px\"\/>\n        \n    <\/figure>\n\n    <\/a>\n<\/article>                    <\/div>\n                                    <div class=\"block-square-image-slider__slide swiper-slide\">\n                        \n<article class=\"snippet-square-image snippet-square-image--has-link snippet-square-image--has-image\">\n\n    <a class=\"snippet-square-image__link\" target=\"_blank\" draggable=\"false\" href=\"https:\/\/www.fardem-packaging.nl\/de\/koscher\/\">\n    <div class=\"snippet-square-image__overlay\">\n        <span class=\"snippet-square-image__overlay-text\">\n            koscher        <\/span>\n        <svg class=\"snippet-square-image__overlay-icon\">\n            <use xlink:href=\"https:\/\/www.fardem-packaging.nl\/de\/wp-content\/themes\/happyhorizon\/dist\/happyhorizon-icons-a48c7885c34f533ae7d82ab6f4d7de38.svg#arrow-btn\"\/>\n        <\/svg>\n    <\/div>\n\n    <figure class=\"snippet-square-image__image-container\">\n\n                    <img decoding=\"async\" loading=\"lazy\"\n                 class=\"snippet-square-image__image\"\n                 draggable=\"false\"\n                 srcset=\"https:\/\/www.fardem-packaging.nl\/de\/wp-content\/uploads\/2024\/10\/certificaten-website-6-320x320.jpg 1x, https:\/\/www.fardem-packaging.nl\/de\/wp-content\/uploads\/2024\/10\/certificaten-website-6.jpg 2x\"\n                 src=\"https:\/\/www.fardem-packaging.nl\/de\/wp-content\/uploads\/2024\/10\/certificaten-website-6-320x320.jpg\"\n                 alt=\"\"\n                 width=\"320px\"                 height=\"320px\"\/>\n        \n    <\/figure>\n\n    <\/a>\n<\/article>                    <\/div>\n                            <\/div>\n        <\/div>\n\n        <div class=\"block-square-image-slider__slider-pagination swiper-pagination\"><\/div>\n\n        <span class=\"block-square-image-slider__slider-button block-square-image-slider__slider-button--prev\">\n            <svg class=\"block-square-image-slider__slider-button-icon\">\n                <use xlink:href='https:\/\/www.fardem-packaging.nl\/de\/wp-content\/themes\/happyhorizon\/dist\/happyhorizon-icons-a48c7885c34f533ae7d82ab6f4d7de38.svg#icon-arrow-left'\/>\n            <\/svg>\n        <\/span>\n\n        <span class=\"block-square-image-slider__slider-button block-square-image-slider__slider-button--next\">\n            <svg class=\"block-square-image-slider__slider-button-icon\">\n                <use xlink:href='https:\/\/www.fardem-packaging.nl\/de\/wp-content\/themes\/happyhorizon\/dist\/happyhorizon-icons-a48c7885c34f533ae7d82ab6f4d7de38.svg#icon-arrow-right'\/>\n            <\/svg>\n        <\/span>\n\n    <\/section>\n\n\n\n<p class=\"hh-block block-paragraph block-paragraph--id-69d0aa523fcf1\"data-mb=\"small\">Alle Unternehmen der OPACKGROUP sind Mitglieder von EFTA-Benelux. Dies ist ein Fachverband von Unternehmen, die sich auf das Flexodruckverfahren spezialisiert haben.<\/p>","protected":false},"excerpt":{"rendered":"","protected":false},"author":2,"featured_media":0,"parent":0,"menu_order":21,"comment_status":"closed","ping_status":"closed","template":"","meta":{"_acf_changed":false,"footnotes":""},"class_list":["post-2172","page","type-page","status-publish","hentry"],"acf":[],"yoast_head":"<title>Qualit\u00e4tsstandards - Fardem Packaging<\/title>\n<meta name=\"description\" content=\"Kwaliteit is essentieel voor ons bedrijf. Ontdek hier de belangrijke kwaliteitsnormen en vindt het certificaat van bv. Ecovadis en ISO 9001.\" \/>\n<meta name=\"robots\" content=\"index, follow, max-snippet:-1, max-image-preview:large, max-video-preview:-1\" \/>\n<link rel=\"canonical\" href=\"https:\/\/www.fardem-packaging.nl\/de\/qualitaetsstandards-1\/\" \/>\n<meta property=\"og:locale\" content=\"de_DE\" \/>\n<meta property=\"og:type\" content=\"article\" \/>\n<meta property=\"og:title\" content=\"Qualit\u00e4tsstandards - Fardem Packaging\" \/>\n<meta property=\"og:description\" content=\"Kwaliteit is essentieel voor ons bedrijf. Ontdek hier de belangrijke kwaliteitsnormen en vindt het certificaat van bv. Ecovadis en ISO 9001.\" \/>\n<meta property=\"og:url\" content=\"https:\/\/www.fardem-packaging.nl\/de\/qualitaetsstandards-1\/\" \/>\n<meta property=\"og:site_name\" content=\"Fardem Packaging\" \/>\n<meta property=\"article:modified_time\" content=\"2024-11-27T13:13:13+00:00\" \/>\n<meta name=\"twitter:card\" content=\"summary_large_image\" \/>\n<meta name=\"twitter:label1\" content=\"Gesch\u00e4tzte Lesezeit\" \/>\n\t<meta name=\"twitter:data1\" content=\"1\u00a0Minute\" \/>\n<script type=\"application\/ld+json\" class=\"yoast-schema-graph\">{\"@context\":\"https:\/\/schema.org\",\"@graph\":[{\"@type\":\"WebPage\",\"@id\":\"https:\/\/www.fardem-packaging.nl\/de\/qualitaetsstandards-1\/\",\"url\":\"https:\/\/www.fardem-packaging.nl\/de\/qualitaetsstandards-1\/\",\"name\":\"Qualit\u00e4tsstandards - Fardem Packaging\",\"isPartOf\":{\"@id\":\"https:\/\/www.fardem-packaging.nl\/de\/#website\"},\"datePublished\":\"2024-11-27T13:12:05+00:00\",\"dateModified\":\"2024-11-27T13:13:13+00:00\",\"description\":\"Kwaliteit is essentieel voor ons bedrijf. Ontdek hier de belangrijke kwaliteitsnormen en vindt het certificaat van bv. Ecovadis en ISO 9001.\",\"breadcrumb\":{\"@id\":\"https:\/\/www.fardem-packaging.nl\/de\/qualitaetsstandards-1\/#breadcrumb\"},\"inLanguage\":\"de\",\"potentialAction\":[{\"@type\":\"ReadAction\",\"target\":[\"https:\/\/www.fardem-packaging.nl\/de\/qualitaetsstandards-1\/\"]}]},{\"@type\":\"BreadcrumbList\",\"@id\":\"https:\/\/www.fardem-packaging.nl\/de\/qualitaetsstandards-1\/#breadcrumb\",\"itemListElement\":[{\"@type\":\"ListItem\",\"position\":1,\"name\":\"Home\",\"item\":\"https:\/\/www.fardem-packaging.nl\/de\/\"},{\"@type\":\"ListItem\",\"position\":2,\"name\":\"Qualit\u00e4tsstandards\"}]},{\"@type\":\"WebSite\",\"@id\":\"https:\/\/www.fardem-packaging.nl\/de\/#website\",\"url\":\"https:\/\/www.fardem-packaging.nl\/de\/\",\"name\":\"Fardem Packaging\",\"description\":\"The sustainable innovator\",\"potentialAction\":[{\"@type\":\"SearchAction\",\"target\":{\"@type\":\"EntryPoint\",\"urlTemplate\":\"https:\/\/www.fardem-packaging.nl\/de\/?suchanfrage={search_term_string}\"},\"query-input\":{\"@type\":\"PropertyValueSpecification\",\"valueRequired\":true,\"valueName\":\"search_term_string\"}}],\"inLanguage\":\"de\"}]}<\/script>","yoast_head_json":{"title":"Qualit\u00e4tsstandards - Fardem Packaging","description":"Kwaliteit is essentieel voor ons bedrijf. Ontdek hier de belangrijke kwaliteitsnormen en vindt het certificaat van bv. Ecovadis en ISO 9001.","robots":{"index":"index","follow":"follow","max-snippet":"max-snippet:-1","max-image-preview":"max-image-preview:large","max-video-preview":"max-video-preview:-1"},"canonical":"https:\/\/www.fardem-packaging.nl\/de\/qualitaetsstandards-1\/","og_locale":"de_DE","og_type":"article","og_title":"Qualit\u00e4tsstandards - Fardem Packaging","og_description":"Kwaliteit is essentieel voor ons bedrijf. Ontdek hier de belangrijke kwaliteitsnormen en vindt het certificaat van bv. Ecovadis en ISO 9001.","og_url":"https:\/\/www.fardem-packaging.nl\/de\/qualitaetsstandards-1\/","og_site_name":"Fardem Packaging","article_modified_time":"2024-11-27T13:13:13+00:00","twitter_card":"summary_large_image","twitter_misc":{"Gesch\u00e4tzte Lesezeit":"1\u00a0Minute"},"schema":{"@context":"https:\/\/schema.org","@graph":[{"@type":"WebPage","@id":"https:\/\/www.fardem-packaging.nl\/de\/qualitaetsstandards-1\/","url":"https:\/\/www.fardem-packaging.nl\/de\/qualitaetsstandards-1\/","name":"Qualit\u00e4tsstandards - Fardem Packaging","isPartOf":{"@id":"https:\/\/www.fardem-packaging.nl\/de\/#website"},"datePublished":"2024-11-27T13:12:05+00:00","dateModified":"2024-11-27T13:13:13+00:00","description":"Kwaliteit is essentieel voor ons bedrijf. Ontdek hier de belangrijke kwaliteitsnormen en vindt het certificaat van bv. Ecovadis en ISO 9001.","breadcrumb":{"@id":"https:\/\/www.fardem-packaging.nl\/de\/qualitaetsstandards-1\/#breadcrumb"},"inLanguage":"de","potentialAction":[{"@type":"ReadAction","target":["https:\/\/www.fardem-packaging.nl\/de\/qualitaetsstandards-1\/"]}]},{"@type":"BreadcrumbList","@id":"https:\/\/www.fardem-packaging.nl\/de\/qualitaetsstandards-1\/#breadcrumb","itemListElement":[{"@type":"ListItem","position":1,"name":"Home","item":"https:\/\/www.fardem-packaging.nl\/de\/"},{"@type":"ListItem","position":2,"name":"Qualit\u00e4tsstandards"}]},{"@type":"WebSite","@id":"https:\/\/www.fardem-packaging.nl\/de\/#website","url":"https:\/\/www.fardem-packaging.nl\/de\/","name":"Fardem Packaging","description":"The sustainable innovator","potentialAction":[{"@type":"SearchAction","target":{"@type":"EntryPoint","urlTemplate":"https:\/\/www.fardem-packaging.nl\/de\/?suchanfrage={search_term_string}"},"query-input":{"@type":"PropertyValueSpecification","valueRequired":true,"valueName":"search_term_string"}}],"inLanguage":"de"}]}},"_links":{"self":[{"href":"https:\/\/www.fardem-packaging.nl\/de\/wp-json\/wp\/v2\/pages\/2172","targetHints":{"allow":["GET"]}}],"collection":[{"href":"https:\/\/www.fardem-packaging.nl\/de\/wp-json\/wp\/v2\/pages"}],"about":[{"href":"https:\/\/www.fardem-packaging.nl\/de\/wp-json\/wp\/v2\/types\/page"}],"author":[{"embeddable":true,"href":"https:\/\/www.fardem-packaging.nl\/de\/wp-json\/wp\/v2\/users\/2"}],"replies":[{"embeddable":true,"href":"https:\/\/www.fardem-packaging.nl\/de\/wp-json\/wp\/v2\/comments?post=2172"}],"version-history":[{"count":5,"href":"https:\/\/www.fardem-packaging.nl\/de\/wp-json\/wp\/v2\/pages\/2172\/revisions"}],"predecessor-version":[{"id":2204,"href":"https:\/\/www.fardem-packaging.nl\/de\/wp-json\/wp\/v2\/pages\/2172\/revisions\/2204"}],"wp:attachment":[{"href":"https:\/\/www.fardem-packaging.nl\/de\/wp-json\/wp\/v2\/media?parent=2172"}],"curies":[{"name":"wp","href":"https:\/\/api.w.org\/{rel}","templated":true}]}}